{"id":209,"date":"2023-10-02T14:30:18","date_gmt":"2023-10-02T12:30:18","guid":{"rendered":"http:\/\/centredesfeuillesvives.fr\/?page_id=209"},"modified":"2025-02-16T14:02:42","modified_gmt":"2025-02-16T13:02:42","slug":"projet-dagrandissement","status":"publish","type":"page","link":"https:\/\/centredesfeuillesvives.fr\/index.php\/projet-dagrandissement\/","title":{"rendered":"Projet d&#039;agrandissement"},"content":{"rendered":"<div class=\"vce-row-container\" data-vce-boxed-width=\"true\"><div class=\"vce-row vce-row--col-gap-30 vce-row-equal-height vce-row-content--top\" id=\"el-eddbbc14\" data-vce-do-apply=\"all el-eddbbc14\"><div class=\"vce-row-content\" data-vce-element-content=\"true\"><div class=\"vce-col vce-col--md-auto vce-col--xs-1 vce-col--xs-last vce-col--xs-first vce-col--sm-last vce-col--sm-first vce-col--md-last vce-col--lg-last vce-col--xl-last vce-col--md-first vce-col--lg-first vce-col--xl-first\" id=\"el-f749efc5\"><div class=\"vce-col-inner\" data-vce-do-apply=\"border margin background  el-f749efc5\"><div class=\"vce-col-content\" data-vce-element-content=\"true\" data-vce-do-apply=\"padding el-f749efc5\"><div class=\"vce-text-block\"><div class=\"vce-text-block-wrapper vce\" id=\"el-dfead090\" data-vce-do-apply=\"all el-dfead090\">\n<div class=\"wp-block-media-text is-stacked-on-mobile\">\n<figure class=\"wp-block-media-text__media\"><img loading=\"lazy\" decoding=\"async\" width=\"1024\" height=\"803\" class=\"wp-image-290 size-full\" src=\"https:\/\/centredesfeuillesvives.fr\/wp-content\/uploads\/2023\/10\/insertion-arriere-existant-1024x803.png\" alt=\"\" srcset=\"https:\/\/centredesfeuillesvives.fr\/wp-content\/uploads\/2023\/10\/insertion-arriere-existant-1024x803.png 1024w, https:\/\/centredesfeuillesvives.fr\/wp-content\/uploads\/2023\/10\/insertion-arriere-existant-300x235.png 300w, https:\/\/centredesfeuillesvives.fr\/wp-content\/uploads\/2023\/10\/insertion-arriere-existant-768x602.png 768w, https:\/\/centredesfeuillesvives.fr\/wp-content\/uploads\/2023\/10\/insertion-arriere-existant-320x251.png 320w, https:\/\/centredesfeuillesvives.fr\/wp-content\/uploads\/2023\/10\/insertion-arriere-existant-480x376.png 480w, https:\/\/centredesfeuillesvives.fr\/wp-content\/uploads\/2023\/10\/insertion-arriere-existant-800x627.png 800w, https:\/\/centredesfeuillesvives.fr\/wp-content\/uploads\/2023\/10\/insertion-arriere-existant.png 1437w\" sizes=\"auto, (max-width: 1024px) 100vw, 1024px\" \/><\/figure>\n<div class=\"wp-block-media-text__content\">\n<h2 class=\"wp-block-heading\"><strong>AVANT<\/strong><\/h2>\n\n<p>L'\u00e9cole priv\u00e9e l'Olivier des enfants, a obtenu un permis de construire d\u00e9pos\u00e9 courant novembre 2022.<\/p>\n<\/div>\n<\/div>\n\n<div class=\"wp-block-media-text is-stacked-on-mobile\">\n<figure class=\"wp-block-media-text__media\"><img loading=\"lazy\" decoding=\"async\" width=\"1024\" height=\"752\" class=\"wp-image-289 size-full\" src=\"https:\/\/centredesfeuillesvives.fr\/wp-content\/uploads\/2023\/10\/insertion-arriere-modif-1024x752.png\" alt=\"\" srcset=\"https:\/\/centredesfeuillesvives.fr\/wp-content\/uploads\/2023\/10\/insertion-arriere-modif-1024x752.png 1024w, https:\/\/centredesfeuillesvives.fr\/wp-content\/uploads\/2023\/10\/insertion-arriere-modif-300x220.png 300w, https:\/\/centredesfeuillesvives.fr\/wp-content\/uploads\/2023\/10\/insertion-arriere-modif-768x564.png 768w, https:\/\/centredesfeuillesvives.fr\/wp-content\/uploads\/2023\/10\/insertion-arriere-modif-1536x1128.png 1536w, https:\/\/centredesfeuillesvives.fr\/wp-content\/uploads\/2023\/10\/insertion-arriere-modif-320x235.png 320w, https:\/\/centredesfeuillesvives.fr\/wp-content\/uploads\/2023\/10\/insertion-arriere-modif-480x352.png 480w, https:\/\/centredesfeuillesvives.fr\/wp-content\/uploads\/2023\/10\/insertion-arriere-modif-800x587.png 800w, https:\/\/centredesfeuillesvives.fr\/wp-content\/uploads\/2023\/10\/insertion-arriere-modif.png 1957w\" sizes=\"auto, (max-width: 1024px) 100vw, 1024px\" \/><\/figure>\n<div class=\"wp-block-media-text__content\">\n<h2 class=\"wp-block-heading\">APRES<\/h2>\n\n<p>L'\u00e9cole a projet au cours de l'ann\u00e9e 2023-2024, d'agrandir son \u00e9cole en sur\u00e9levant la partie arri\u00e8re de l'\u00e9tablissement d'un surface de 60 m\u00b2 sur 1 \u00e9tage.<\/p>\n<\/div>\n<\/div>\n\n<figure class=\"wp-block-image alignwide size-large\"><img loading=\"lazy\" decoding=\"async\" width=\"1024\" height=\"729\" class=\"wp-image-210\" src=\"https:\/\/centredesfeuillesvives.fr\/wp-content\/uploads\/2023\/10\/planning-travaux-avec-modif-1024x729.png\" alt=\"\" srcset=\"https:\/\/centredesfeuillesvives.fr\/wp-content\/uploads\/2023\/10\/planning-travaux-avec-modif-1024x729.png 1024w, https:\/\/centredesfeuillesvives.fr\/wp-content\/uploads\/2023\/10\/planning-travaux-avec-modif-300x213.png 300w, https:\/\/centredesfeuillesvives.fr\/wp-content\/uploads\/2023\/10\/planning-travaux-avec-modif-768x546.png 768w, https:\/\/centredesfeuillesvives.fr\/wp-content\/uploads\/2023\/10\/planning-travaux-avec-modif-1536x1093.png 1536w, https:\/\/centredesfeuillesvives.fr\/wp-content\/uploads\/2023\/10\/planning-travaux-avec-modif-2048x1457.png 2048w, https:\/\/centredesfeuillesvives.fr\/wp-content\/uploads\/2023\/10\/planning-travaux-avec-modif-320x228.png 320w, https:\/\/centredesfeuillesvives.fr\/wp-content\/uploads\/2023\/10\/planning-travaux-avec-modif-480x342.png 480w, https:\/\/centredesfeuillesvives.fr\/wp-content\/uploads\/2023\/10\/planning-travaux-avec-modif-800x569.png 800w\" sizes=\"auto, (max-width: 1024px) 100vw, 1024px\" \/><\/figure>\n\n<div class=\"wp-block-buttons is-layout-flex wp-block-buttons-is-layout-flex\"><\/div>\n<\/div><\/div><\/div><\/div><\/div><\/div><\/div><\/div><div class=\"vce-row-container\" data-vce-boxed-width=\"true\"><div class=\"vce-row vce-row--col-gap-30 vce-row-equal-height vce-row-content--top\" id=\"el-0ef6ed68\" data-vce-do-apply=\"all el-0ef6ed68\"><div class=\"vce-content-background-container\"><\/div><div class=\"vce-row-content\" data-vce-element-content=\"true\"><div class=\"vce-col vce-col--md-85p vce-col--xs-1 vce-col--xs-last vce-col--xs-first vce-col--sm-last vce-col--sm-first vce-col--md-first vce-col--lg-first vce-col--xl-first\" id=\"el-47f014ed\"><div class=\"vce-col-inner\" data-vce-do-apply=\"border margin background  el-47f014ed\"><div class=\"vce-col-content\" data-vce-element-content=\"true\" data-vce-do-apply=\"padding el-47f014ed\"><div class=\"vce-text-block\"><div class=\"vce-text-block-wrapper vce\" id=\"el-b2072cf3\" data-vce-do-apply=\"all el-b2072cf3\"><h2>BILAN AGRANDISSEMENT 2023-2024<\/h2>\n<p>Suite au permis de contruire obtenu courant aout 2023, le centre des feuilles vives a entam\u00e9 les travaux d'agrandissement pendant toutes les p\u00e9riodes de vacances durant l'ann\u00e9e 2023-2024 .<\/p><\/div><\/div><\/div><\/div><\/div><div class=\"vce-col vce-col--md-15p vce-col--xs-1 vce-col--xs-last vce-col--xs-first vce-col--sm-last vce-col--sm-first vce-col--md-last vce-col--lg-last vce-col--xl-last\" id=\"el-9fc981fc\"><div class=\"vce-col-inner\" data-vce-do-apply=\"border margin background  el-9fc981fc\"><div class=\"vce-col-content\" data-vce-element-content=\"true\" data-vce-do-apply=\"padding el-9fc981fc\"><div><\/div><\/div><\/div><\/div><\/div><\/div><\/div><div class=\"vce-row-container\" data-vce-boxed-width=\"true\"><div class=\"vce-row vce-row--col-gap-30 vce-row-equal-height vce-row-content--top\" id=\"el-9e79c1c5\" data-vce-do-apply=\"all el-9e79c1c5\"><div class=\"vce-content-background-container\"><\/div><div class=\"vce-row-content\" data-vce-element-content=\"true\"><div class=\"vce-col vce-col--md-auto vce-col--xs-1 vce-col--xs-last vce-col--xs-first vce-col--sm-last vce-col--sm-first vce-col--md-last vce-col--lg-last vce-col--xl-last vce-col--md-first vce-col--lg-first vce-col--xl-first\" id=\"el-77f3c91e\"><div class=\"vce-col-inner\" data-vce-do-apply=\"border margin background  el-77f3c91e\"><div class=\"vce-col-content\" data-vce-element-content=\"true\" data-vce-do-apply=\"padding el-77f3c91e\"><div class=\"vce-image-gallery vce-image-gallery--gap-10 vce-image-gallery--columns-3\"><div class=\"vce-image-gallery-wrapper vce\" id=\"el-91958178\" data-vce-do-apply=\"all el-91958178\"><div class=\"vce-image-gallery-list\"><div class=\"vce-image-gallery-item\"><figure class=\"vce-image-gallery-item-inner-wrapper\"><a href=\"https:\/\/centredesfeuillesvives.fr\/wp-content\/uploads\/2025\/01\/20240401_171957-scaled.jpg\" data-lightbox=\"lightbox-91958178\" class=\"vce-image-gallery-item-inner\"><img decoding=\"async\" class=\"vce-image-gallery-img\" src=\"https:\/\/centredesfeuillesvives.fr\/wp-content\/uploads\/2025\/01\/20240401_171957-1024x768.jpg\" alt=\"\" title=\"20240401_171957\"><\/a><\/figure><\/div><div class=\"vce-image-gallery-item\"><figure class=\"vce-image-gallery-item-inner-wrapper\"><a href=\"https:\/\/centredesfeuillesvives.fr\/wp-content\/uploads\/2025\/01\/photos-pose-toiture.jpeg\" data-lightbox=\"lightbox-91958178\" class=\"vce-image-gallery-item-inner\"><img decoding=\"async\" class=\"vce-image-gallery-img\" src=\"https:\/\/centredesfeuillesvives.fr\/wp-content\/uploads\/2025\/01\/photos-pose-toiture-1024x576.jpeg\" alt=\"\" title=\"photos pose toiture\"><\/a><\/figure><\/div><div class=\"vce-image-gallery-item\"><figure class=\"vce-image-gallery-item-inner-wrapper\"><a href=\"https:\/\/centredesfeuillesvives.fr\/wp-content\/uploads\/2024\/11\/bat-ext-5.jpg\" data-lightbox=\"lightbox-91958178\" class=\"vce-image-gallery-item-inner\"><img decoding=\"async\" class=\"vce-image-gallery-img\" src=\"https:\/\/centredesfeuillesvives.fr\/wp-content\/uploads\/2024\/11\/bat-ext-5-1024x768.jpg\" alt=\"\" title=\"bat ext 5\"><\/a><\/figure><\/div><div class=\"vce-image-gallery-item\"><figure class=\"vce-image-gallery-item-inner-wrapper\"><a href=\"https:\/\/centredesfeuillesvives.fr\/wp-content\/uploads\/2024\/11\/classe-CP-5.jpg\" data-lightbox=\"lightbox-91958178\" class=\"vce-image-gallery-item-inner\"><img decoding=\"async\" class=\"vce-image-gallery-img\" src=\"https:\/\/centredesfeuillesvives.fr\/wp-content\/uploads\/2024\/11\/classe-CP-5-1024x768.jpg\" alt=\"\" title=\"classe CP 5\"><\/a><\/figure><\/div><div class=\"vce-image-gallery-item\"><figure class=\"vce-image-gallery-item-inner-wrapper\"><a href=\"https:\/\/centredesfeuillesvives.fr\/wp-content\/uploads\/2024\/11\/bat-ext-8-scaled.jpg\" data-lightbox=\"lightbox-91958178\" class=\"vce-image-gallery-item-inner\"><img decoding=\"async\" class=\"vce-image-gallery-img\" src=\"https:\/\/centredesfeuillesvives.fr\/wp-content\/uploads\/2024\/11\/bat-ext-8-1024x768.jpg\" alt=\"\" title=\"bat ext 8\"><\/a><\/figure><\/div><div class=\"vce-image-gallery-item\"><figure class=\"vce-image-gallery-item-inner-wrapper\"><a href=\"https:\/\/centredesfeuillesvives.fr\/wp-content\/uploads\/2025\/01\/classe-CE2-b-scaled.jpg\" data-lightbox=\"lightbox-91958178\" class=\"vce-image-gallery-item-inner\"><img decoding=\"async\" class=\"vce-image-gallery-img\" src=\"https:\/\/centredesfeuillesvives.fr\/wp-content\/uploads\/2025\/01\/classe-CE2-b-1024x768.jpg\" alt=\"\" title=\"classe CE2 b\"><\/a><\/figure><\/div><\/div><\/div><\/div><\/div><\/div><\/div><\/div><\/div><\/div><div class=\"vce-row-container\" data-vce-boxed-width=\"true\"><div class=\"vce-row vce-row--col-gap-30 vce-row-equal-height vce-row-content--top\" id=\"el-1627449c\" data-vce-do-apply=\"all el-1627449c\"><div class=\"vce-row-content\" data-vce-element-content=\"true\"><div class=\"vce-col vce-col--md-auto vce-col--xs-1 vce-col--xs-last vce-col--xs-first vce-col--sm-last vce-col--sm-first vce-col--md-last vce-col--lg-last vce-col--xl-last vce-col--md-first vce-col--lg-first vce-col--xl-first\" id=\"el-90eb9dd2\"><div class=\"vce-col-inner\" data-vce-do-apply=\"border margin background  el-90eb9dd2\"><div class=\"vce-col-content\" data-vce-element-content=\"true\" data-vce-do-apply=\"padding el-90eb9dd2\"><div><\/div><\/div><\/div><\/div><\/div><\/div><\/div><div class=\"vce-row-container\" data-vce-boxed-width=\"true\"><div class=\"vce-row vce-row--col-gap-30 vce-row-equal-height vce-row-content--top\" id=\"el-d463d9a1\" data-vce-do-apply=\"all el-d463d9a1\"><div class=\"vce-row-content\" data-vce-element-content=\"true\"><div class=\"vce-col vce-col--md-93p vce-col--xs-1 vce-col--xs-last vce-col--xs-first vce-col--sm-last vce-col--sm-first vce-col--md-first vce-col--lg-first vce-col--xl-first\" id=\"el-e8a97dfe\"><div class=\"vce-col-inner\" data-vce-do-apply=\"border margin background  el-e8a97dfe\"><div class=\"vce-col-content\" data-vce-element-content=\"true\" data-vce-do-apply=\"padding el-e8a97dfe\"><div class=\"vce vce-separator-container vce-separator--align-center vce-separator--style-solid\" id=\"el-44a8eeee\" data-vce-do-apply=\"margin el-44a8eeee\"><div class=\"vce-separator vce-separator--color-bfc0c1 vce-separator--width-60 vce-separator--thickness-1\" data-vce-do-apply=\"border padding background  el-44a8eeee\"><\/div><\/div><\/div><\/div><\/div><div class=\"vce-col vce-col--md-7p vce-col--xs-1 vce-col--xs-last vce-col--xs-first vce-col--sm-last vce-col--sm-first vce-col--md-last vce-col--lg-last vce-col--xl-last\" id=\"el-5ca04493\"><div class=\"vce-col-inner\" data-vce-do-apply=\"border margin background  el-5ca04493\"><div class=\"vce-col-content\" data-vce-element-content=\"true\" data-vce-do-apply=\"padding el-5ca04493\"><div><\/div><\/div><\/div><\/div><\/div><\/div><\/div><div class=\"vce-row-container\" data-vce-boxed-width=\"true\"><div class=\"vce-row vce-row--col-gap-30 vce-row-equal-height vce-row-content--top\" id=\"el-77ee3612\" data-vce-do-apply=\"all el-77ee3612\"><div class=\"vce-row-content\" data-vce-element-content=\"true\"><div class=\"vce-col vce-col--md-auto vce-col--xs-1 vce-col--xs-last vce-col--xs-first vce-col--sm-last vce-col--sm-first vce-col--md-first vce-col--lg-first vce-col--xl-first\" id=\"el-26f3452e\"><div class=\"vce-col-inner\" data-vce-do-apply=\"border margin background  el-26f3452e\"><div class=\"vce-col-content\" data-vce-element-content=\"true\" data-vce-do-apply=\"padding el-26f3452e\"><div><\/div><\/div><\/div><\/div><div class=\"vce-col vce-col--md-auto vce-col--xs-1 vce-col--xs-last vce-col--xs-first vce-col--sm-last vce-col--sm-first vce-col--md-last vce-col--lg-last vce-col--xl-last\" id=\"el-84fc6cd0\"><div class=\"vce-col-inner\" data-vce-do-apply=\"border margin background  el-84fc6cd0\"><div class=\"vce-col-content\" data-vce-element-content=\"true\" data-vce-do-apply=\"padding el-84fc6cd0\"><div><\/div><\/div><\/div><\/div><\/div><\/div><\/div><div class=\"vce-row-container\" data-vce-boxed-width=\"true\"><div class=\"vce-row vce-row--col-gap-30 vce-row-equal-height vce-row-content--top\" id=\"el-9bc9553c\" data-vce-do-apply=\"all el-9bc9553c\"><div class=\"vce-row-content\" data-vce-element-content=\"true\"><div class=\"vce-col vce-col--md-auto vce-col--xs-1 vce-col--xs-last vce-col--xs-first vce-col--sm-last vce-col--sm-first vce-col--md-first vce-col--lg-first vce-col--xl-first\" id=\"el-fd9cea3b\"><div class=\"vce-col-inner\" data-vce-do-apply=\"border margin background  el-fd9cea3b\"><div class=\"vce-col-content\" data-vce-element-content=\"true\" data-vce-do-apply=\"padding el-fd9cea3b\"><div class=\"vce-button--style-basic-container vce-button--style-basic-container--align-left\"><span class=\"vce-button--style-basic-wrapper vce\" id=\"el-cb405d58\" data-vce-do-apply=\"margin el-cb405d58\"><a class=\"vce-button vce-button--style-basic vce-button--style-basic--border-square vce-button--style-basic--size-medium vce-button--style-basic--color-557cbf--fff\" href=\"https:\/\/centredesfeuillesvives.fr\/wp-content\/uploads\/2025\/02\/bilan-travaux-phase-1.pdf\" title=\"\" data-vce-do-apply=\"padding border background  el-cb405d58\">Travaux tranche 1<\/a><\/span><\/div><div class=\"vce-button--style-basic-container vce-button--style-basic-container--align-left\"><span class=\"vce-button--style-basic-wrapper vce\" id=\"el-ac9f72c0\" data-vce-do-apply=\"margin el-ac9f72c0\"><a class=\"vce-button vce-button--style-basic vce-button--style-basic--border-square vce-button--style-basic--size-medium vce-button--style-basic--color-557cbf--fff\" href=\"https:\/\/centredesfeuillesvives.fr\/wp-content\/uploads\/2024\/01\/Bilan-phase-2-travaux.pdf\" title=\"\" data-vce-do-apply=\"padding border background  el-ac9f72c0\" data-vce-animate=\"vce-o-animate--pulse\" data-vce-animate-delay=\"vce-o-animate-delay--3\">Travaux tranche 2<\/a><\/span><\/div><div class=\"vce-button--style-basic-container vce-button--style-basic-container--align-left\"><span class=\"vce-button--style-basic-wrapper vce\" id=\"el-725ebc1a\" data-vce-do-apply=\"margin el-725ebc1a\"><a class=\"vce-button vce-button--style-basic vce-button--style-basic--border-square vce-button--style-basic--size-medium vce-button--style-basic--color-557cbf--fff\" href=\"https:\/\/centredesfeuillesvives.fr\/wp-content\/uploads\/2025\/01\/Bilan-phase-3-travaux.pdf\" title=\"\" data-vce-do-apply=\"padding border background  el-725ebc1a\" data-vce-animate=\"vce-o-animate--pulse\" data-vce-animate-delay=\"vce-o-animate-delay--3\">Travaux tranche 3<\/a><\/span><\/div><div class=\"vce-button--style-basic-container vce-button--style-basic-container--align-left\"><span class=\"vce-button--style-basic-wrapper vce\" id=\"el-0ae0a7ea\" data-vce-do-apply=\"margin el-0ae0a7ea\"><a class=\"vce-button vce-button--style-basic vce-button--style-basic--border-square vce-button--style-basic--size-medium vce-button--style-basic--color-557cbf--fff\" href=\"https:\/\/centredesfeuillesvives.fr\/wp-content\/uploads\/2025\/01\/Bilan-phase-4-travaux.pdf\" title=\"\" data-vce-do-apply=\"padding border background  el-0ae0a7ea\" data-vce-animate=\"vce-o-animate--pulse\" data-vce-animate-delay=\"vce-o-animate-delay--3\">Travaux tranche 4<\/a><\/span><\/div><div class=\"vce-button--style-basic-container vce-button--style-basic-container--align-left\"><span class=\"vce-button--style-basic-wrapper vce\" id=\"el-82eb8df3\" data-vce-do-apply=\"margin el-82eb8df3\"><a class=\"vce-button vce-button--style-basic vce-button--style-basic--border-square vce-button--style-basic--size-medium vce-button--style-basic--color-557cbf--fff\" href=\"https:\/\/centredesfeuillesvives.fr\/wp-content\/uploads\/2025\/01\/Bilan-phase-5-travaux.pdf\" title=\"\" data-vce-do-apply=\"padding border background  el-82eb8df3\" data-vce-animate=\"vce-o-animate--pulse\" data-vce-animate-delay=\"vce-o-animate-delay--3\">Travaux tranche 5<\/a><\/span><\/div><\/div><\/div><\/div><div class=\"vce-col vce-col--md-auto vce-col--xs-1 vce-col--xs-last vce-col--xs-first vce-col--sm-last vce-col--sm-first vce-col--md-last vce-col--lg-last vce-col--xl-last\" id=\"el-2b004e6f\"><div class=\"vce-col-inner\" data-vce-do-apply=\"border margin background  el-2b004e6f\"><div class=\"vce-col-content\" data-vce-element-content=\"true\" data-vce-do-apply=\"padding el-2b004e6f\"><div class=\"vce-text-block\"><div class=\"vce-text-block-wrapper vce\" id=\"el-da6715bb\" data-vce-do-apply=\"all el-da6715bb\"><h2>Bilan d\u00e9taill\u00e9&nbsp;<\/h2>\n<p>Retrouvez en cliquant sur les onglets, les bilans d\u00e9taill\u00e9s de nos travaux d'agrandissement.<\/p><\/div><\/div><\/div><\/div><\/div><\/div><\/div><\/div><div class=\"vce-row-container\" data-vce-boxed-width=\"true\"><div class=\"vce-row vce-row--col-gap-30 vce-row-equal-height vce-row-content--top\" id=\"el-a3e242d6\" data-vce-do-apply=\"all el-a3e242d6\"><div class=\"vce-row-content\" data-vce-element-content=\"true\"><div class=\"vce-col vce-col--md-auto vce-col--xs-1 vce-col--xs-last vce-col--xs-first vce-col--sm-last vce-col--sm-first vce-col--md-last vce-col--lg-last vce-col--xl-last vce-col--md-first vce-col--lg-first vce-col--xl-first\" id=\"el-a68a5095\"><div class=\"vce-col-inner\" data-vce-do-apply=\"border margin background  el-a68a5095\"><div class=\"vce-col-content\" data-vce-element-content=\"true\" data-vce-do-apply=\"padding el-a68a5095\"><div><\/div><\/div><\/div><\/div><\/div><\/div><\/div>","protected":false},"excerpt":{"rendered":"<p>AVANT L&#8217;\u00e9cole priv\u00e9e l&#8217;Olivier des enfants, a obtenu un permis de construire d\u00e9pos\u00e9 courant novembre 2022. APRES L&#8217;\u00e9cole a projet au cours de l&#8217;ann\u00e9e 2023-2024, d&#8217;agrandir son \u00e9cole en sur\u00e9levant la partie arri\u00e8re de l&#8217;\u00e9tablissement d&#8217;un surface de 60 m\u00b2 sur 1 \u00e9tage. BILAN AGRANDISSEMENT 2023-2024 Suite au permis de contruire obtenu courant aout 2023, [&hellip;]<\/p>\n","protected":false},"author":1,"featured_media":0,"parent":0,"menu_order":0,"comment_status":"closed","ping_status":"closed","template":"","meta":{"footnotes":""},"class_list":["post-209","page","type-page","status-publish","hentry"],"_links":{"self":[{"href":"https:\/\/centredesfeuillesvives.fr\/index.php\/wp-json\/wp\/v2\/pages\/209","targetHints":{"allow":["GET"]}}],"collection":[{"href":"https:\/\/centredesfeuillesvives.fr\/index.php\/wp-json\/wp\/v2\/pages"}],"about":[{"href":"https:\/\/centredesfeuillesvives.fr\/index.php\/wp-json\/wp\/v2\/types\/page"}],"author":[{"embeddable":true,"href":"https:\/\/centredesfeuillesvives.fr\/index.php\/wp-json\/wp\/v2\/users\/1"}],"replies":[{"embeddable":true,"href":"https:\/\/centredesfeuillesvives.fr\/index.php\/wp-json\/wp\/v2\/comments?post=209"}],"version-history":[{"count":24,"href":"https:\/\/centredesfeuillesvives.fr\/index.php\/wp-json\/wp\/v2\/pages\/209\/revisions"}],"predecessor-version":[{"id":760,"href":"https:\/\/centredesfeuillesvives.fr\/index.php\/wp-json\/wp\/v2\/pages\/209\/revisions\/760"}],"wp:attachment":[{"href":"https:\/\/centredesfeuillesvives.fr\/index.php\/wp-json\/wp\/v2\/media?parent=209"}],"curies":[{"name":"wp","href":"https:\/\/api.w.org\/{rel}","templated":true}]}}