{"id":231,"date":"2023-10-03T13:32:53","date_gmt":"2023-10-03T11:32:53","guid":{"rendered":"http:\/\/centredesfeuillesvives.fr\/?page_id=231"},"modified":"2025-01-10T14:20:27","modified_gmt":"2025-01-10T13:20:27","slug":"projet-decole","status":"publish","type":"page","link":"https:\/\/centredesfeuillesvives.fr\/index.php\/projet-decole\/","title":{"rendered":"Projet d&#8217;\u00e9cole 2024-2029"},"content":{"rendered":"\n<p><\/p>\n\n\n\n<p><\/p>\n\n\n\n<figure class=\"wp-block-image size-large\"><img loading=\"lazy\" decoding=\"async\" width=\"1024\" height=\"1024\" src=\"http:\/\/centredesfeuillesvives.fr\/wp-content\/uploads\/2023\/10\/lightbulb_doodle-1024x1024.png\" alt=\"\" class=\"wp-image-387\" srcset=\"https:\/\/centredesfeuillesvives.fr\/wp-content\/uploads\/2023\/10\/lightbulb_doodle-1024x1024.png 1024w, https:\/\/centredesfeuillesvives.fr\/wp-content\/uploads\/2023\/10\/lightbulb_doodle-300x300.png 300w, https:\/\/centredesfeuillesvives.fr\/wp-content\/uploads\/2023\/10\/lightbulb_doodle-150x150.png 150w, https:\/\/centredesfeuillesvives.fr\/wp-content\/uploads\/2023\/10\/lightbulb_doodle-768x768.png 768w, https:\/\/centredesfeuillesvives.fr\/wp-content\/uploads\/2023\/10\/lightbulb_doodle-1536x1536.png 1536w, https:\/\/centredesfeuillesvives.fr\/wp-content\/uploads\/2023\/10\/lightbulb_doodle-2048x2048.png 2048w, https:\/\/centredesfeuillesvives.fr\/wp-content\/uploads\/2023\/10\/lightbulb_doodle-320x320.png 320w, https:\/\/centredesfeuillesvives.fr\/wp-content\/uploads\/2023\/10\/lightbulb_doodle-480x480.png 480w, https:\/\/centredesfeuillesvives.fr\/wp-content\/uploads\/2023\/10\/lightbulb_doodle-800x800.png 800w\" sizes=\"auto, (max-width: 1024px) 100vw, 1024px\" \/><\/figure>\n\n\n\n<p><strong>Introduction :<\/strong><\/p>\n\n\n\n<p><strong><br><\/strong>L\u2019\u00c9cole Priv\u00e9e l&#8217;Olivier des Enfants s\u2019engage \u00e0 offrir une \u00e9ducation de qualit\u00e9 qui pr\u00e9pare nos \u00e9l\u00e8ves \u00e0 \u00eatre des citoyens \u00e9clair\u00e9s, responsables et autonomes. Pour atteindre cet objectif, nous avons identifi\u00e9 quatre axes prioritaires autour desquels notre projet d\u2019\u00e9cole est structur\u00e9 :<br><br> la ma\u00eetrise et la compr\u00e9hension de la langue fran\u00e7aise orale et \u00e9crite, l\u2019enseignement de l\u2019anglais, l\u2019int\u00e9gration du num\u00e9rique comme v\u00e9ritable support d\u2019apprentissage et l\u2019inclusion des \u00e9l\u00e8ves en difficult\u00e9. Ces axes s&#8217;inscrivent pleinement dans le cadre du Socle commun de connaissances, de comp\u00e9tences et de culture d\u00e9fini par l&#8217;\u00c9ducation nationale.<\/p>\n\n\n\n<p><\/p>\n\n\n\n<p>Notre projet d&#8217;\u00e9cole est bas\u00e9 sur 4 axes : <\/p>\n\n\n\n<p><strong>AXE 1 : MAITRISE DE LA LANGUE ORALE ET ECRITE<\/strong><\/p>\n\n\n\n<p><\/p>\n\n\n\n<p><strong>AXE 2 : FAVORISER L&#8217;ENSEIGNEMENT DE L&#8217;ANGLAIS<\/strong><\/p>\n\n\n\n<p><\/p>\n\n\n\n<p><strong>AXE 3 : LE NUMERIQUE AU SERVICE DES APPRENTISSAGES<\/strong><\/p>\n\n\n\n<p><\/p>\n\n\n\n<p><strong>AXE 4 : DEVELOPPER UNE COMMUNAUTE SCOLAIRE<\/strong><\/p>\n\n\n\n<p><strong>RESPECTUEUSE ET INCLUSIVE<\/strong><\/p>\n\n\n\n<p><\/p>\n\n\n\n<p>Pour plus de d\u00e9tail retrouvez notre projet d&#8217;\u00e9cole sur le lien ci dessous :<\/p>\n\n\n\n<div class=\"wp-block-buttons is-layout-flex wp-block-buttons-is-layout-flex\">\n<div class=\"wp-block-button\"><a class=\"wp-block-button__link wp-element-button\" href=\"http:\/\/centredesfeuillesvives.fr\/wp-content\/uploads\/2025\/01\/PROJET-DECOLE-2024-2029-PDF.pdf\" target=\"_blank\" rel=\"noreferrer noopener\">PROJET D&#8217;ECOLE 2024-2029<\/a><\/div>\n<\/div>\n\n\n\n<p><\/p>\n\n\n\n<p><br><br><\/p>\n","protected":false},"excerpt":{"rendered":"<p>Introduction : L\u2019\u00c9cole Priv\u00e9e l&#8217;Olivier des Enfants s\u2019engage \u00e0 offrir une \u00e9ducation de qualit\u00e9 qui pr\u00e9pare nos \u00e9l\u00e8ves \u00e0 \u00eatre des citoyens \u00e9clair\u00e9s, responsables et autonomes. Pour atteindre cet objectif, nous avons identifi\u00e9 quatre axes prioritaires autour desquels notre projet d\u2019\u00e9cole est structur\u00e9 : la ma\u00eetrise et la compr\u00e9hension de la langue fran\u00e7aise orale et [&hellip;]<\/p>\n","protected":false},"author":1,"featured_media":0,"parent":0,"menu_order":0,"comment_status":"closed","ping_status":"closed","template":"","meta":{"footnotes":""},"class_list":["post-231","page","type-page","status-publish","hentry"],"_links":{"self":[{"href":"https:\/\/centredesfeuillesvives.fr\/index.php\/wp-json\/wp\/v2\/pages\/231","targetHints":{"allow":["GET"]}}],"collection":[{"href":"https:\/\/centredesfeuillesvives.fr\/index.php\/wp-json\/wp\/v2\/pages"}],"about":[{"href":"https:\/\/centredesfeuillesvives.fr\/index.php\/wp-json\/wp\/v2\/types\/page"}],"author":[{"embeddable":true,"href":"https:\/\/centredesfeuillesvives.fr\/index.php\/wp-json\/wp\/v2\/users\/1"}],"replies":[{"embeddable":true,"href":"https:\/\/centredesfeuillesvives.fr\/index.php\/wp-json\/wp\/v2\/comments?post=231"}],"version-history":[{"count":7,"href":"https:\/\/centredesfeuillesvives.fr\/index.php\/wp-json\/wp\/v2\/pages\/231\/revisions"}],"predecessor-version":[{"id":754,"href":"https:\/\/centredesfeuillesvives.fr\/index.php\/wp-json\/wp\/v2\/pages\/231\/revisions\/754"}],"wp:attachment":[{"href":"https:\/\/centredesfeuillesvives.fr\/index.php\/wp-json\/wp\/v2\/media?parent=231"}],"curies":[{"name":"wp","href":"https:\/\/api.w.org\/{rel}","templated":true}]}}