{"id":237,"date":"2023-10-03T16:06:52","date_gmt":"2023-10-03T14:06:52","guid":{"rendered":"http:\/\/centredesfeuillesvives.fr\/?page_id=237"},"modified":"2023-10-09T13:41:50","modified_gmt":"2023-10-09T11:41:50","slug":"la-petite-section","status":"publish","type":"page","link":"https:\/\/centredesfeuillesvives.fr\/index.php\/la-petite-section\/","title":{"rendered":"La petite section de maternelle"},"content":{"rendered":"\n<p><\/p>\n\n\n\n<h1 class=\"wp-block-heading\"><mark style=\"background-color:rgba(0, 0, 0, 0)\" class=\"has-inline-color has-raft-accent-color\">CYCLE 1<\/mark>      <\/h1>\n\n\n\n<p>Votre enfant a 3 ans, il entre \u00e0 l\u2019\u00e9cole maternelle, en petite section. Comment vont se d\u00e9rouler ses journ\u00e9es ? Quelles vont \u00eatre ses activit\u00e9s ? Que va-t-on attendre de lui ?<\/p>\n\n\n\n<figure class=\"wp-block-image size-large\"><img loading=\"lazy\" decoding=\"async\" width=\"1024\" height=\"768\" src=\"http:\/\/centredesfeuillesvives.fr\/wp-content\/uploads\/2023\/10\/Classe-PS-1024x768.jpg\" alt=\"\" class=\"wp-image-309\" srcset=\"https:\/\/centredesfeuillesvives.fr\/wp-content\/uploads\/2023\/10\/Classe-PS-1024x768.jpg 1024w, https:\/\/centredesfeuillesvives.fr\/wp-content\/uploads\/2023\/10\/Classe-PS-300x225.jpg 300w, https:\/\/centredesfeuillesvives.fr\/wp-content\/uploads\/2023\/10\/Classe-PS-768x576.jpg 768w, https:\/\/centredesfeuillesvives.fr\/wp-content\/uploads\/2023\/10\/Classe-PS-1536x1152.jpg 1536w, https:\/\/centredesfeuillesvives.fr\/wp-content\/uploads\/2023\/10\/Classe-PS-2048x1536.jpg 2048w, https:\/\/centredesfeuillesvives.fr\/wp-content\/uploads\/2023\/10\/Classe-PS-320x240.jpg 320w, https:\/\/centredesfeuillesvives.fr\/wp-content\/uploads\/2023\/10\/Classe-PS-480x360.jpg 480w, https:\/\/centredesfeuillesvives.fr\/wp-content\/uploads\/2023\/10\/Classe-PS-800x600.jpg 800w\" sizes=\"auto, (max-width: 1024px) 100vw, 1024px\" \/><\/figure>\n\n\n\n<p>La petite section est la premi\u00e8re classe de l&#8217;\u00e9cole maternelle, avec 2 objectifs principaux&nbsp;: la&nbsp;<strong>socialisation<\/strong>&nbsp;et le&nbsp;<strong>langage<\/strong>. Votre enfant va aller \u00e0 la rencontre des autres enfants, il va apprendre \u00e0 partager. Son langage conna\u00eet une avanc\u00e9e spectaculaire&nbsp;: son vocabulaire s&#8217;enrichit, ses phrases deviennent plus \u00e9labor\u00e9es.<\/p>\n\n\n\n<figure class=\"wp-block-gallery has-nested-images columns-default is-cropped wp-block-gallery-1 is-layout-flex wp-block-gallery-is-layout-flex\">\n<figure class=\"wp-block-image size-large\"><img loading=\"lazy\" decoding=\"async\" width=\"1024\" height=\"768\" data-id=\"522\" src=\"http:\/\/centredesfeuillesvives.fr\/wp-content\/uploads\/2023\/10\/IMG-20230831-WA0022-1024x768.jpg\" alt=\"\" class=\"wp-image-522\" srcset=\"https:\/\/centredesfeuillesvives.fr\/wp-content\/uploads\/2023\/10\/IMG-20230831-WA0022-1024x768.jpg 1024w, https:\/\/centredesfeuillesvives.fr\/wp-content\/uploads\/2023\/10\/IMG-20230831-WA0022-300x225.jpg 300w, https:\/\/centredesfeuillesvives.fr\/wp-content\/uploads\/2023\/10\/IMG-20230831-WA0022-768x576.jpg 768w, https:\/\/centredesfeuillesvives.fr\/wp-content\/uploads\/2023\/10\/IMG-20230831-WA0022-1536x1152.jpg 1536w, https:\/\/centredesfeuillesvives.fr\/wp-content\/uploads\/2023\/10\/IMG-20230831-WA0022-320x240.jpg 320w, https:\/\/centredesfeuillesvives.fr\/wp-content\/uploads\/2023\/10\/IMG-20230831-WA0022-480x360.jpg 480w, https:\/\/centredesfeuillesvives.fr\/wp-content\/uploads\/2023\/10\/IMG-20230831-WA0022-800x600.jpg 800w, https:\/\/centredesfeuillesvives.fr\/wp-content\/uploads\/2023\/10\/IMG-20230831-WA0022.jpg 1600w\" sizes=\"auto, (max-width: 1024px) 100vw, 1024px\" \/><\/figure>\n\n\n\n<figure class=\"wp-block-image size-large\"><img loading=\"lazy\" decoding=\"async\" width=\"1024\" height=\"768\" data-id=\"521\" src=\"http:\/\/centredesfeuillesvives.fr\/wp-content\/uploads\/2023\/10\/IMG-20230831-WA0023-1024x768.jpg\" alt=\"\" class=\"wp-image-521\" srcset=\"https:\/\/centredesfeuillesvives.fr\/wp-content\/uploads\/2023\/10\/IMG-20230831-WA0023-1024x768.jpg 1024w, https:\/\/centredesfeuillesvives.fr\/wp-content\/uploads\/2023\/10\/IMG-20230831-WA0023-300x225.jpg 300w, https:\/\/centredesfeuillesvives.fr\/wp-content\/uploads\/2023\/10\/IMG-20230831-WA0023-768x576.jpg 768w, https:\/\/centredesfeuillesvives.fr\/wp-content\/uploads\/2023\/10\/IMG-20230831-WA0023-1536x1152.jpg 1536w, https:\/\/centredesfeuillesvives.fr\/wp-content\/uploads\/2023\/10\/IMG-20230831-WA0023-320x240.jpg 320w, https:\/\/centredesfeuillesvives.fr\/wp-content\/uploads\/2023\/10\/IMG-20230831-WA0023-480x360.jpg 480w, https:\/\/centredesfeuillesvives.fr\/wp-content\/uploads\/2023\/10\/IMG-20230831-WA0023-800x600.jpg 800w, https:\/\/centredesfeuillesvives.fr\/wp-content\/uploads\/2023\/10\/IMG-20230831-WA0023.jpg 1600w\" sizes=\"auto, (max-width: 1024px) 100vw, 1024px\" \/><\/figure>\n\n\n\n<figure class=\"wp-block-image size-large\"><img loading=\"lazy\" decoding=\"async\" width=\"768\" height=\"1024\" data-id=\"524\" src=\"http:\/\/centredesfeuillesvives.fr\/wp-content\/uploads\/2023\/10\/IMG-20230831-WA0024-768x1024.jpg\" alt=\"\" class=\"wp-image-524\" srcset=\"https:\/\/centredesfeuillesvives.fr\/wp-content\/uploads\/2023\/10\/IMG-20230831-WA0024-768x1024.jpg 768w, https:\/\/centredesfeuillesvives.fr\/wp-content\/uploads\/2023\/10\/IMG-20230831-WA0024-225x300.jpg 225w, https:\/\/centredesfeuillesvives.fr\/wp-content\/uploads\/2023\/10\/IMG-20230831-WA0024-1152x1536.jpg 1152w, https:\/\/centredesfeuillesvives.fr\/wp-content\/uploads\/2023\/10\/IMG-20230831-WA0024-320x427.jpg 320w, https:\/\/centredesfeuillesvives.fr\/wp-content\/uploads\/2023\/10\/IMG-20230831-WA0024-480x640.jpg 480w, https:\/\/centredesfeuillesvives.fr\/wp-content\/uploads\/2023\/10\/IMG-20230831-WA0024-800x1067.jpg 800w, https:\/\/centredesfeuillesvives.fr\/wp-content\/uploads\/2023\/10\/IMG-20230831-WA0024.jpg 1200w\" sizes=\"auto, (max-width: 768px) 100vw, 768px\" \/><\/figure>\n\n\n\n<figure class=\"wp-block-image size-large\"><img loading=\"lazy\" decoding=\"async\" width=\"1024\" height=\"768\" data-id=\"523\" src=\"http:\/\/centredesfeuillesvives.fr\/wp-content\/uploads\/2023\/10\/IMG-20230831-WA0025-1024x768.jpg\" alt=\"\" class=\"wp-image-523\" srcset=\"https:\/\/centredesfeuillesvives.fr\/wp-content\/uploads\/2023\/10\/IMG-20230831-WA0025-1024x768.jpg 1024w, https:\/\/centredesfeuillesvives.fr\/wp-content\/uploads\/2023\/10\/IMG-20230831-WA0025-300x225.jpg 300w, https:\/\/centredesfeuillesvives.fr\/wp-content\/uploads\/2023\/10\/IMG-20230831-WA0025-768x576.jpg 768w, https:\/\/centredesfeuillesvives.fr\/wp-content\/uploads\/2023\/10\/IMG-20230831-WA0025-1536x1152.jpg 1536w, https:\/\/centredesfeuillesvives.fr\/wp-content\/uploads\/2023\/10\/IMG-20230831-WA0025-320x240.jpg 320w, https:\/\/centredesfeuillesvives.fr\/wp-content\/uploads\/2023\/10\/IMG-20230831-WA0025-480x360.jpg 480w, https:\/\/centredesfeuillesvives.fr\/wp-content\/uploads\/2023\/10\/IMG-20230831-WA0025-800x600.jpg 800w, https:\/\/centredesfeuillesvives.fr\/wp-content\/uploads\/2023\/10\/IMG-20230831-WA0025.jpg 1600w\" sizes=\"auto, (max-width: 1024px) 100vw, 1024px\" \/><\/figure>\n\n\n\n<figure class=\"wp-block-image size-large\"><img loading=\"lazy\" decoding=\"async\" width=\"1024\" height=\"768\" data-id=\"525\" src=\"http:\/\/centredesfeuillesvives.fr\/wp-content\/uploads\/2023\/10\/IMG-20230831-WA0026-1024x768.jpg\" alt=\"\" class=\"wp-image-525\" srcset=\"https:\/\/centredesfeuillesvives.fr\/wp-content\/uploads\/2023\/10\/IMG-20230831-WA0026-1024x768.jpg 1024w, https:\/\/centredesfeuillesvives.fr\/wp-content\/uploads\/2023\/10\/IMG-20230831-WA0026-300x225.jpg 300w, https:\/\/centredesfeuillesvives.fr\/wp-content\/uploads\/2023\/10\/IMG-20230831-WA0026-768x576.jpg 768w, https:\/\/centredesfeuillesvives.fr\/wp-content\/uploads\/2023\/10\/IMG-20230831-WA0026-1536x1152.jpg 1536w, https:\/\/centredesfeuillesvives.fr\/wp-content\/uploads\/2023\/10\/IMG-20230831-WA0026-320x240.jpg 320w, https:\/\/centredesfeuillesvives.fr\/wp-content\/uploads\/2023\/10\/IMG-20230831-WA0026-480x360.jpg 480w, https:\/\/centredesfeuillesvives.fr\/wp-content\/uploads\/2023\/10\/IMG-20230831-WA0026-800x600.jpg 800w, https:\/\/centredesfeuillesvives.fr\/wp-content\/uploads\/2023\/10\/IMG-20230831-WA0026.jpg 1600w\" sizes=\"auto, (max-width: 1024px) 100vw, 1024px\" \/><\/figure>\n\n\n\n<figure class=\"wp-block-image size-large\"><img loading=\"lazy\" decoding=\"async\" width=\"1024\" height=\"768\" data-id=\"526\" src=\"http:\/\/centredesfeuillesvives.fr\/wp-content\/uploads\/2023\/10\/IMG-20230831-WA0027-1024x768.jpg\" alt=\"\" class=\"wp-image-526\" srcset=\"https:\/\/centredesfeuillesvives.fr\/wp-content\/uploads\/2023\/10\/IMG-20230831-WA0027-1024x768.jpg 1024w, https:\/\/centredesfeuillesvives.fr\/wp-content\/uploads\/2023\/10\/IMG-20230831-WA0027-300x225.jpg 300w, https:\/\/centredesfeuillesvives.fr\/wp-content\/uploads\/2023\/10\/IMG-20230831-WA0027-768x576.jpg 768w, https:\/\/centredesfeuillesvives.fr\/wp-content\/uploads\/2023\/10\/IMG-20230831-WA0027-1536x1152.jpg 1536w, https:\/\/centredesfeuillesvives.fr\/wp-content\/uploads\/2023\/10\/IMG-20230831-WA0027-320x240.jpg 320w, https:\/\/centredesfeuillesvives.fr\/wp-content\/uploads\/2023\/10\/IMG-20230831-WA0027-480x360.jpg 480w, https:\/\/centredesfeuillesvives.fr\/wp-content\/uploads\/2023\/10\/IMG-20230831-WA0027-800x600.jpg 800w, https:\/\/centredesfeuillesvives.fr\/wp-content\/uploads\/2023\/10\/IMG-20230831-WA0027.jpg 1600w\" sizes=\"auto, (max-width: 1024px) 100vw, 1024px\" \/><\/figure>\n\n\n\n<figure class=\"wp-block-image size-large\"><img loading=\"lazy\" decoding=\"async\" width=\"768\" height=\"1024\" data-id=\"527\" src=\"http:\/\/centredesfeuillesvives.fr\/wp-content\/uploads\/2023\/10\/IMG-20230831-WA0028-768x1024.jpg\" alt=\"\" class=\"wp-image-527\" srcset=\"https:\/\/centredesfeuillesvives.fr\/wp-content\/uploads\/2023\/10\/IMG-20230831-WA0028-768x1024.jpg 768w, https:\/\/centredesfeuillesvives.fr\/wp-content\/uploads\/2023\/10\/IMG-20230831-WA0028-225x300.jpg 225w, https:\/\/centredesfeuillesvives.fr\/wp-content\/uploads\/2023\/10\/IMG-20230831-WA0028-1152x1536.jpg 1152w, https:\/\/centredesfeuillesvives.fr\/wp-content\/uploads\/2023\/10\/IMG-20230831-WA0028-320x427.jpg 320w, https:\/\/centredesfeuillesvives.fr\/wp-content\/uploads\/2023\/10\/IMG-20230831-WA0028-480x640.jpg 480w, https:\/\/centredesfeuillesvives.fr\/wp-content\/uploads\/2023\/10\/IMG-20230831-WA0028-800x1067.jpg 800w, https:\/\/centredesfeuillesvives.fr\/wp-content\/uploads\/2023\/10\/IMG-20230831-WA0028.jpg 1200w\" sizes=\"auto, (max-width: 768px) 100vw, 768px\" \/><\/figure>\n\n\n\n<figure class=\"wp-block-image size-large\"><img loading=\"lazy\" decoding=\"async\" width=\"768\" height=\"1024\" data-id=\"528\" src=\"http:\/\/centredesfeuillesvives.fr\/wp-content\/uploads\/2023\/10\/IMG-20230831-WA0029-768x1024.jpg\" alt=\"\" class=\"wp-image-528\" srcset=\"https:\/\/centredesfeuillesvives.fr\/wp-content\/uploads\/2023\/10\/IMG-20230831-WA0029-768x1024.jpg 768w, https:\/\/centredesfeuillesvives.fr\/wp-content\/uploads\/2023\/10\/IMG-20230831-WA0029-225x300.jpg 225w, https:\/\/centredesfeuillesvives.fr\/wp-content\/uploads\/2023\/10\/IMG-20230831-WA0029-1152x1536.jpg 1152w, https:\/\/centredesfeuillesvives.fr\/wp-content\/uploads\/2023\/10\/IMG-20230831-WA0029-320x427.jpg 320w, https:\/\/centredesfeuillesvives.fr\/wp-content\/uploads\/2023\/10\/IMG-20230831-WA0029-480x640.jpg 480w, https:\/\/centredesfeuillesvives.fr\/wp-content\/uploads\/2023\/10\/IMG-20230831-WA0029-800x1067.jpg 800w, https:\/\/centredesfeuillesvives.fr\/wp-content\/uploads\/2023\/10\/IMG-20230831-WA0029.jpg 1200w\" sizes=\"auto, (max-width: 768px) 100vw, 768px\" \/><\/figure>\n<\/figure>\n\n\n\n<p><\/p>\n","protected":false},"excerpt":{"rendered":"<p>CYCLE 1 Votre enfant a 3 ans, il entre \u00e0 l\u2019\u00e9cole maternelle, en petite section. Comment vont se d\u00e9rouler ses journ\u00e9es ? Quelles vont \u00eatre ses activit\u00e9s ? Que va-t-on attendre de lui ? La petite section est la premi\u00e8re classe de l&#8217;\u00e9cole maternelle, avec 2 objectifs principaux&nbsp;: la&nbsp;socialisation&nbsp;et le&nbsp;langage. Votre enfant va aller \u00e0 [&hellip;]<\/p>\n","protected":false},"author":1,"featured_media":0,"parent":0,"menu_order":0,"comment_status":"closed","ping_status":"closed","template":"","meta":{"footnotes":""},"class_list":["post-237","page","type-page","status-publish","hentry"],"_links":{"self":[{"href":"https:\/\/centredesfeuillesvives.fr\/index.php\/wp-json\/wp\/v2\/pages\/237","targetHints":{"allow":["GET"]}}],"collection":[{"href":"https:\/\/centredesfeuillesvives.fr\/index.php\/wp-json\/wp\/v2\/pages"}],"about":[{"href":"https:\/\/centredesfeuillesvives.fr\/index.php\/wp-json\/wp\/v2\/types\/page"}],"author":[{"embeddable":true,"href":"https:\/\/centredesfeuillesvives.fr\/index.php\/wp-json\/wp\/v2\/users\/1"}],"replies":[{"embeddable":true,"href":"https:\/\/centredesfeuillesvives.fr\/index.php\/wp-json\/wp\/v2\/comments?post=237"}],"version-history":[{"count":6,"href":"https:\/\/centredesfeuillesvives.fr\/index.php\/wp-json\/wp\/v2\/pages\/237\/revisions"}],"predecessor-version":[{"id":529,"href":"https:\/\/centredesfeuillesvives.fr\/index.php\/wp-json\/wp\/v2\/pages\/237\/revisions\/529"}],"wp:attachment":[{"href":"https:\/\/centredesfeuillesvives.fr\/index.php\/wp-json\/wp\/v2\/media?parent=237"}],"curies":[{"name":"wp","href":"https:\/\/api.w.org\/{rel}","templated":true}]}}