{"id":253,"date":"2023-10-03T17:51:17","date_gmt":"2023-10-03T15:51:17","guid":{"rendered":"http:\/\/centredesfeuillesvives.fr\/?page_id=253"},"modified":"2025-01-10T11:17:59","modified_gmt":"2025-01-10T10:17:59","slug":"la-cp","status":"publish","type":"page","link":"https:\/\/centredesfeuillesvives.fr\/index.php\/la-cp\/","title":{"rendered":"Le CP"},"content":{"rendered":"\t\t<div data-elementor-type=\"wp-page\" data-elementor-id=\"253\" class=\"elementor elementor-253\">\n\t\t\t\t\t\t\t<div class=\"elementor-element elementor-element-794059b5 e-flex e-con-boxed wpr-particle-no wpr-jarallax-no wpr-parallax-no wpr-sticky-section-no e-con e-parent\" data-id=\"794059b5\" data-element_type=\"container\" data-settings=\"{&quot;content_width&quot;:&quot;boxed&quot;}\" data-core-v316-plus=\"true\">\n\t\t\t\t\t<div class=\"e-con-inner\">\n\t\t\t\t<div class=\"elementor-element elementor-element-475be29a elementor-widget elementor-widget-text-editor\" data-id=\"475be29a\" data-element_type=\"widget\" data-widget_type=\"text-editor.default\">\n\t\t\t\t<div class=\"elementor-widget-container\">\n\t\t\t<style>\/*! elementor - v3.16.0 - 20-09-2023 *\/\n.elementor-widget-text-editor.elementor-drop-cap-view-stacked .elementor-drop-cap{background-color:#69727d;color:#fff}.elementor-widget-text-editor.elementor-drop-cap-view-framed .elementor-drop-cap{color:#69727d;border:3px solid;background-color:transparent}.elementor-widget-text-editor:not(.elementor-drop-cap-view-default) .elementor-drop-cap{margin-top:8px}.elementor-widget-text-editor:not(.elementor-drop-cap-view-default) .elementor-drop-cap-letter{width:1em;height:1em}.elementor-widget-text-editor .elementor-drop-cap{float:left;text-align:center;line-height:1;font-size:50px}.elementor-widget-text-editor .elementor-drop-cap-letter{display:inline-block}<\/style>\t\t\t\t<!--vcv no format-->\n<div class=\"vce-row-container\" data-vce-boxed-width=\"true\">\n<div id=\"el-28e19674\" class=\"vce-row vce-row--col-gap-30 vce-row-equal-height vce-row-content--top\" data-vce-do-apply=\"all el-28e19674\">\n<div class=\"vce-row-content\" data-vce-element-content=\"true\">\n<div id=\"el-66f38a5a\" class=\"vce-col vce-col--md-auto vce-col--xs-1 vce-col--xs-last vce-col--xs-first vce-col--sm-last vce-col--sm-first vce-col--md-last vce-col--lg-last vce-col--xl-last vce-col--md-first vce-col--lg-first vce-col--xl-first\">\n<div class=\"vce-col-inner\" data-vce-do-apply=\"border margin background  el-66f38a5a\">\n<div class=\"vce-col-content\" data-vce-element-content=\"true\" data-vce-do-apply=\"padding el-66f38a5a\">\n<div class=\"vce-text-block\">\n<div id=\"el-3aff35d7\" class=\"vce-text-block-wrapper vce\" data-vce-do-apply=\"all el-3aff35d7\">\n<div><!-- OSM plugin V6.0.1: did not add geo meta tags. --><noscript><style>.vce-row-container .vcv-lozad {display: none}<\/style><\/noscript><\/div>\n<div>\n<div class=\"wp-block-columns is-layout-flex wp-container-core-columns-is-layout-1 wp-block-columns-is-layout-flex\">\n<div class=\"wp-block-column is-layout-flow wp-block-column-is-layout-flow\" style=\"flex-basis: 33.33%;\">\n<h1 class=\"wp-block-heading\"><mark class=\"has-inline-color has-raft-accent-color\" style=\"background-color: rgba(0, 0, 0, 0);\">CYCLE 2<\/mark><\/h1>\n<\/div>\n<div class=\"wp-block-column is-layout-flow wp-block-column-is-layout-flow\" style=\"flex-basis: 66.66%;\">\n<p>Le CP appartient au cycle 2, le cycle des apprentissages fondamentaux. Ce cycle couvre le CP, le CE1 et le CE2. Ses enjeux essentiels sont l\u2019apprentissage de la lecture, de l\u2019\u00e9criture et de la langue fran\u00e7aise, la connaissance et la compr\u00e9hension des nombres, de leur \u00e9criture chiffr\u00e9e et le calcul sur de petites quantit\u00e9s.<\/p>\n<\/div>\n<\/div>\n<figure class=\"wp-block-gallery has-nested-images columns-default is-cropped wp-block-gallery-1 is-layout-flex wp-block-gallery-is-layout-flex\">\n<figure class=\"wp-block-image size-large\"><img loading=\"lazy\" decoding=\"async\" class=\"alignnone wp-image-630 size-large\" src=\"http:\/\/centredesfeuillesvives.fr\/wp-content\/uploads\/2025\/01\/classe-CP-7-1024x768.jpg\" alt=\"\" width=\"1024\" height=\"768\" data-id=\"542\" srcset=\"https:\/\/centredesfeuillesvives.fr\/wp-content\/uploads\/2025\/01\/classe-CP-7-1024x768.jpg 1024w, https:\/\/centredesfeuillesvives.fr\/wp-content\/uploads\/2025\/01\/classe-CP-7-300x225.jpg 300w, https:\/\/centredesfeuillesvives.fr\/wp-content\/uploads\/2025\/01\/classe-CP-7-768x576.jpg 768w, https:\/\/centredesfeuillesvives.fr\/wp-content\/uploads\/2025\/01\/classe-CP-7-1536x1152.jpg 1536w, https:\/\/centredesfeuillesvives.fr\/wp-content\/uploads\/2025\/01\/classe-CP-7-320x240.jpg 320w, https:\/\/centredesfeuillesvives.fr\/wp-content\/uploads\/2025\/01\/classe-CP-7-480x360.jpg 480w, https:\/\/centredesfeuillesvives.fr\/wp-content\/uploads\/2025\/01\/classe-CP-7-800x600.jpg 800w, https:\/\/centredesfeuillesvives.fr\/wp-content\/uploads\/2025\/01\/classe-CP-7.jpg 1600w\" sizes=\"auto, (max-width: 1024px) 100vw, 1024px\" \/><\/figure>\n<\/figure>\n<\/div>\n<div><img decoding=\"async\" id=\"apbct_pixel\" style=\"display: none;\" title=\"Cleantalk Pixel\" src=\"https:\/\/moderate3.cleantalk.org\/pixel\/bfb53db4e3f5b615e2c9658f62cfd11b.gif\" alt=\"Cleantalk Pixel\" \/><\/div>\n<\/div>\n<\/div>\n<\/div>\n<\/div>\n<\/div>\n<\/div>\n<\/div>\n<\/div>\n\n<div class=\"vce-row-container\" data-vce-boxed-width=\"true\">\n<div id=\"el-b1ea64a3\" class=\"vce-row vce-row--col-gap-30 vce-row-equal-height vce-row-content--top\" data-vce-do-apply=\"all el-b1ea64a3\">\n<div class=\"vce-row-content\" data-vce-element-content=\"true\">\n<div id=\"el-7671c108\" class=\"vce-col vce-col--md-auto vce-col--xs-1 vce-col--xs-last vce-col--xs-first vce-col--sm-last vce-col--sm-first vce-col--md-last vce-col--lg-last vce-col--xl-last vce-col--md-first vce-col--lg-first vce-col--xl-first\">\n<div class=\"vce-col-inner\" data-vce-do-apply=\"border margin background  el-7671c108\">\n<div class=\"vce-col-content\" data-vce-element-content=\"true\" data-vce-do-apply=\"padding el-7671c108\"><!-- wp:vcwb\/empty-comment-element-wrapper -->\n<div>\u00a0<\/div>\n<!-- \/wp:vcwb\/empty-comment-element-wrapper --><\/div>\n<\/div>\n<\/div>\n<\/div>\n<\/div>\n<\/div>\n<!--vcv no format-->\t\t\t\t\t\t<\/div>\n\t\t\t\t<\/div>\n\t\t\t\t\t<\/div>\n\t\t\t\t<\/div>\n\t\t\t\t\t\t\t<\/div>\n\t\t","protected":false},"excerpt":{"rendered":"<p>CYCLE 2 Le CP appartient au cycle 2, le cycle des apprentissages fondamentaux. Ce cycle couvre le CP, le CE1 et le CE2. Ses enjeux essentiels sont l\u2019apprentissage de la lecture, de l\u2019\u00e9criture et de la langue fran\u00e7aise, la connaissance et la compr\u00e9hension des nombres, de leur \u00e9criture chiffr\u00e9e et le calcul sur de petites [&hellip;]<\/p>\n","protected":false},"author":1,"featured_media":0,"parent":0,"menu_order":0,"comment_status":"closed","ping_status":"closed","template":"","meta":{"footnotes":""},"class_list":["post-253","page","type-page","status-publish","hentry"],"_links":{"self":[{"href":"https:\/\/centredesfeuillesvives.fr\/index.php\/wp-json\/wp\/v2\/pages\/253","targetHints":{"allow":["GET"]}}],"collection":[{"href":"https:\/\/centredesfeuillesvives.fr\/index.php\/wp-json\/wp\/v2\/pages"}],"about":[{"href":"https:\/\/centredesfeuillesvives.fr\/index.php\/wp-json\/wp\/v2\/types\/page"}],"author":[{"embeddable":true,"href":"https:\/\/centredesfeuillesvives.fr\/index.php\/wp-json\/wp\/v2\/users\/1"}],"replies":[{"embeddable":true,"href":"https:\/\/centredesfeuillesvives.fr\/index.php\/wp-json\/wp\/v2\/comments?post=253"}],"version-history":[{"count":11,"href":"https:\/\/centredesfeuillesvives.fr\/index.php\/wp-json\/wp\/v2\/pages\/253\/revisions"}],"predecessor-version":[{"id":730,"href":"https:\/\/centredesfeuillesvives.fr\/index.php\/wp-json\/wp\/v2\/pages\/253\/revisions\/730"}],"wp:attachment":[{"href":"https:\/\/centredesfeuillesvives.fr\/index.php\/wp-json\/wp\/v2\/media?parent=253"}],"curies":[{"name":"wp","href":"https:\/\/api.w.org\/{rel}","templated":true}]}}