{"id":284,"date":"2023-10-03T18:34:13","date_gmt":"2023-10-03T16:34:13","guid":{"rendered":"http:\/\/centredesfeuillesvives.fr\/?page_id=284"},"modified":"2023-10-06T10:42:35","modified_gmt":"2023-10-06T08:42:35","slug":"le-reglement-interieur","status":"publish","type":"page","link":"https:\/\/centredesfeuillesvives.fr\/index.php\/le-reglement-interieur\/","title":{"rendered":"Le r\u00e8glement int\u00e9rieur"},"content":{"rendered":"\n<div class=\"wp-block-media-text is-stacked-on-mobile\"><figure class=\"wp-block-media-text__media\"><img loading=\"lazy\" decoding=\"async\" width=\"417\" height=\"313\" src=\"http:\/\/centredesfeuillesvives.fr\/wp-content\/uploads\/2023\/10\/ballpoint_pen_and_signature_3-Converti.png\" alt=\"\" class=\"wp-image-382 size-full\" srcset=\"https:\/\/centredesfeuillesvives.fr\/wp-content\/uploads\/2023\/10\/ballpoint_pen_and_signature_3-Converti.png 417w, https:\/\/centredesfeuillesvives.fr\/wp-content\/uploads\/2023\/10\/ballpoint_pen_and_signature_3-Converti-300x225.png 300w, https:\/\/centredesfeuillesvives.fr\/wp-content\/uploads\/2023\/10\/ballpoint_pen_and_signature_3-Converti-320x240.png 320w\" sizes=\"auto, (max-width: 417px) 100vw, 417px\" \/><\/figure><div class=\"wp-block-media-text__content\">\n<p>Cliquez ci dessous afin de retrouver le r\u00e8glement int\u00e9rieur de l&#8217;\u00e9cole priv\u00e9e.<br><\/p>\n\n\n\n<p><\/p>\n\n\n\n<div class=\"wp-block-buttons is-layout-flex wp-block-buttons-is-layout-flex\">\n<div class=\"wp-block-button is-style-fill\"><a class=\"wp-block-button__link wp-element-button\" href=\"http:\/\/centredesfeuillesvives.fr\/wp-content\/uploads\/2023\/10\/REGLEMENT-INTERIEUR1-1.pdf\">R\u00e8glement int\u00e9rieur <\/a><\/div>\n<\/div>\n<\/div><\/div>\n","protected":false},"excerpt":{"rendered":"","protected":false},"author":1,"featured_media":0,"parent":0,"menu_order":0,"comment_status":"closed","ping_status":"closed","template":"","meta":{"footnotes":""},"class_list":["post-284","page","type-page","status-publish","hentry"],"_links":{"self":[{"href":"https:\/\/centredesfeuillesvives.fr\/index.php\/wp-json\/wp\/v2\/pages\/284","targetHints":{"allow":["GET"]}}],"collection":[{"href":"https:\/\/centredesfeuillesvives.fr\/index.php\/wp-json\/wp\/v2\/pages"}],"about":[{"href":"https:\/\/centredesfeuillesvives.fr\/index.php\/wp-json\/wp\/v2\/types\/page"}],"author":[{"embeddable":true,"href":"https:\/\/centredesfeuillesvives.fr\/index.php\/wp-json\/wp\/v2\/users\/1"}],"replies":[{"embeddable":true,"href":"https:\/\/centredesfeuillesvives.fr\/index.php\/wp-json\/wp\/v2\/comments?post=284"}],"version-history":[{"count":4,"href":"https:\/\/centredesfeuillesvives.fr\/index.php\/wp-json\/wp\/v2\/pages\/284\/revisions"}],"predecessor-version":[{"id":386,"href":"https:\/\/centredesfeuillesvives.fr\/index.php\/wp-json\/wp\/v2\/pages\/284\/revisions\/386"}],"wp:attachment":[{"href":"https:\/\/centredesfeuillesvives.fr\/index.php\/wp-json\/wp\/v2\/media?parent=284"}],"curies":[{"name":"wp","href":"https:\/\/api.w.org\/{rel}","templated":true}]}}