{"id":297,"date":"2023-10-04T09:41:10","date_gmt":"2023-10-04T07:41:10","guid":{"rendered":"http:\/\/centredesfeuillesvives.fr\/?page_id=297"},"modified":"2025-01-07T17:26:48","modified_gmt":"2025-01-07T16:26:48","slug":"nos-horaires","status":"publish","type":"page","link":"https:\/\/centredesfeuillesvives.fr\/index.php\/nos-horaires\/","title":{"rendered":"Nos horaires"},"content":{"rendered":"\n<figure class=\"wp-block-image size-full is-resized\"><img loading=\"lazy\" decoding=\"async\" src=\"http:\/\/centredesfeuillesvives.fr\/wp-content\/uploads\/2023\/10\/Horloge.png\" alt=\"\" class=\"wp-image-306\" style=\"width:421px;height:421px\" width=\"421\" height=\"421\" srcset=\"https:\/\/centredesfeuillesvives.fr\/wp-content\/uploads\/2023\/10\/Horloge.png 938w, https:\/\/centredesfeuillesvives.fr\/wp-content\/uploads\/2023\/10\/Horloge-300x300.png 300w, https:\/\/centredesfeuillesvives.fr\/wp-content\/uploads\/2023\/10\/Horloge-150x150.png 150w, https:\/\/centredesfeuillesvives.fr\/wp-content\/uploads\/2023\/10\/Horloge-768x768.png 768w, https:\/\/centredesfeuillesvives.fr\/wp-content\/uploads\/2023\/10\/Horloge-320x320.png 320w, https:\/\/centredesfeuillesvives.fr\/wp-content\/uploads\/2023\/10\/Horloge-480x480.png 480w, https:\/\/centredesfeuillesvives.fr\/wp-content\/uploads\/2023\/10\/Horloge-800x800.png 800w\" sizes=\"auto, (max-width: 421px) 100vw, 421px\" \/><\/figure>\n\n\n\n<p><\/p>\n\n\n\n<h1 class=\"wp-block-heading\"><strong><mark style=\"background-color:rgba(0, 0, 0, 0)\" class=\"has-inline-color has-raft-accent-color\">Horaires de l\u2019\u00e9cole :<\/mark><\/strong><\/h1>\n\n\n\n<p><\/p>\n\n\n\n<ul class=\"wp-block-list\">\n<li>Lundi, mardi, jeudi : 8 h 00 \u2013 1 5 h 45<\/li>\n\n\n\n<li>Vendredi : 8 h 00 &#8211; 11 h 45<\/li>\n\n\n\n<li>Ouverture du portail de 8h00 \u00e0 8h10<\/li>\n\n\n\n<li>Nous vous remercions de bien respecter ces horaires. Au-del\u00e0 de la fermeture du portail, vous devrez<\/li>\n\n\n\n<li>D\u00e9poser votre enfant apr\u00e8s la pause d\u00e9jeuner. Aucune int\u00e9gration n\u2019est possible aux heures de<\/li>\n\n\n\n<li>R\u00e9cr\u00e9ations.<\/li>\n\n\n\n<li>Pause m\u00e9ridienne : PS au CP : 11h15 \u00e0 12h15 &#8211; CE1 au CM2 : 12 h15 \u00e0 13h15<\/li>\n<\/ul>\n\n\n\n<figure class=\"wp-block-image size-large\"><img loading=\"lazy\" decoding=\"async\" width=\"1024\" height=\"768\" src=\"http:\/\/centredesfeuillesvives.fr\/wp-content\/uploads\/2023\/09\/batiment-CDFV-1-1024x768.jpg\" alt=\"\" class=\"wp-image-176\" srcset=\"https:\/\/centredesfeuillesvives.fr\/wp-content\/uploads\/2023\/09\/batiment-CDFV-1-1024x768.jpg 1024w, https:\/\/centredesfeuillesvives.fr\/wp-content\/uploads\/2023\/09\/batiment-CDFV-1-300x225.jpg 300w, https:\/\/centredesfeuillesvives.fr\/wp-content\/uploads\/2023\/09\/batiment-CDFV-1-768x576.jpg 768w, https:\/\/centredesfeuillesvives.fr\/wp-content\/uploads\/2023\/09\/batiment-CDFV-1-320x240.jpg 320w, https:\/\/centredesfeuillesvives.fr\/wp-content\/uploads\/2023\/09\/batiment-CDFV-1-480x360.jpg 480w, https:\/\/centredesfeuillesvives.fr\/wp-content\/uploads\/2023\/09\/batiment-CDFV-1-800x600.jpg 800w, https:\/\/centredesfeuillesvives.fr\/wp-content\/uploads\/2023\/09\/batiment-CDFV-1.jpg 1175w\" sizes=\"auto, (max-width: 1024px) 100vw, 1024px\" \/><\/figure>\n","protected":false},"excerpt":{"rendered":"<p>Horaires de l\u2019\u00e9cole :<\/p>\n","protected":false},"author":1,"featured_media":0,"parent":0,"menu_order":1,"comment_status":"closed","ping_status":"closed","template":"","meta":{"footnotes":""},"class_list":["post-297","page","type-page","status-publish","hentry"],"_links":{"self":[{"href":"https:\/\/centredesfeuillesvives.fr\/index.php\/wp-json\/wp\/v2\/pages\/297","targetHints":{"allow":["GET"]}}],"collection":[{"href":"https:\/\/centredesfeuillesvives.fr\/index.php\/wp-json\/wp\/v2\/pages"}],"about":[{"href":"https:\/\/centredesfeuillesvives.fr\/index.php\/wp-json\/wp\/v2\/types\/page"}],"author":[{"embeddable":true,"href":"https:\/\/centredesfeuillesvives.fr\/index.php\/wp-json\/wp\/v2\/users\/1"}],"replies":[{"embeddable":true,"href":"https:\/\/centredesfeuillesvives.fr\/index.php\/wp-json\/wp\/v2\/comments?post=297"}],"version-history":[{"count":9,"href":"https:\/\/centredesfeuillesvives.fr\/index.php\/wp-json\/wp\/v2\/pages\/297\/revisions"}],"predecessor-version":[{"id":703,"href":"https:\/\/centredesfeuillesvives.fr\/index.php\/wp-json\/wp\/v2\/pages\/297\/revisions\/703"}],"wp:attachment":[{"href":"https:\/\/centredesfeuillesvives.fr\/index.php\/wp-json\/wp\/v2\/media?parent=297"}],"curies":[{"name":"wp","href":"https:\/\/api.w.org\/{rel}","templated":true}]}}