{"id":375,"date":"2023-10-08T10:33:37","date_gmt":"2023-10-08T08:33:37","guid":{"rendered":"http:\/\/centredesfeuillesvives.fr\/?page_id=375"},"modified":"2025-01-10T11:15:04","modified_gmt":"2025-01-10T10:15:04","slug":"le-ce2","status":"publish","type":"page","link":"https:\/\/centredesfeuillesvives.fr\/index.php\/le-ce2\/","title":{"rendered":"Le CE2"},"content":{"rendered":"\t\t<div data-elementor-type=\"wp-page\" data-elementor-id=\"375\" class=\"elementor elementor-375\">\n\t\t\t\t\t\t\t<div class=\"elementor-element elementor-element-30509586 e-con-full e-flex wpr-particle-no wpr-jarallax-no wpr-parallax-no wpr-sticky-section-no e-con e-parent\" data-id=\"30509586\" data-element_type=\"container\" data-settings=\"{&quot;content_width&quot;:&quot;full&quot;}\" data-core-v316-plus=\"true\">\n\t\t\t\t<div class=\"elementor-element elementor-element-7eba729 elementor-drop-cap-yes elementor-drop-cap-view-default elementor-widget elementor-widget-text-editor\" data-id=\"7eba729\" data-element_type=\"widget\" data-settings=\"{&quot;drop_cap&quot;:&quot;yes&quot;}\" data-widget_type=\"text-editor.default\">\n\t\t\t\t<div class=\"elementor-widget-container\">\n\t\t\t<style>\/*! elementor - v3.16.0 - 20-09-2023 *\/\n.elementor-widget-text-editor.elementor-drop-cap-view-stacked .elementor-drop-cap{background-color:#69727d;color:#fff}.elementor-widget-text-editor.elementor-drop-cap-view-framed .elementor-drop-cap{color:#69727d;border:3px solid;background-color:transparent}.elementor-widget-text-editor:not(.elementor-drop-cap-view-default) .elementor-drop-cap{margin-top:8px}.elementor-widget-text-editor:not(.elementor-drop-cap-view-default) .elementor-drop-cap-letter{width:1em;height:1em}.elementor-widget-text-editor .elementor-drop-cap{float:left;text-align:center;line-height:1;font-size:50px}.elementor-widget-text-editor .elementor-drop-cap-letter{display:inline-block}<\/style>\t\t\t\t<!--vcv no format-->\n<div class=\"vce-row-container\" data-vce-boxed-width=\"true\">\n<div id=\"el-62897496\" class=\"vce-row vce-row--col-gap-30 vce-row-equal-height vce-row-content--top\" data-vce-do-apply=\"all el-62897496\">\n<div class=\"vce-row-content\" data-vce-element-content=\"true\">\n<div id=\"el-4ebec677\" class=\"vce-col vce-col--md-auto vce-col--xs-1 vce-col--xs-last vce-col--xs-first vce-col--sm-last vce-col--sm-first vce-col--md-last vce-col--lg-last vce-col--xl-last vce-col--md-first vce-col--lg-first vce-col--xl-first\">\n<div class=\"vce-col-inner\" data-vce-do-apply=\"border margin background  el-4ebec677\">\n<div class=\"vce-col-content\" data-vce-element-content=\"true\" data-vce-do-apply=\"padding el-4ebec677\">\n<div class=\"vce-text-block\">\n<div id=\"el-95e8e39e\" class=\"vce-text-block-wrapper vce\" data-vce-do-apply=\"all el-95e8e39e\"><!-- wp:paragraph -->\n<p>\u00a0<\/p>\n<!-- \/wp:paragraph --><!-- wp:columns -->\n<div class=\"wp-block-columns\"><!-- wp:column {\"width\":\"33.33%\"} -->\n<div class=\"wp-block-column\" style=\"flex-basis: 33.33%;\"><!-- wp:heading {\"level\":1} -->\n<h1 class=\"wp-block-heading\"><mark class=\"has-inline-color has-raft-accent-color\" style=\"background-color: rgba(0, 0, 0, 0);\">CYCLE 2<\/mark><\/h1>\n<!-- \/wp:heading --><\/div>\n<!-- \/wp:column --><!-- wp:column {\"width\":\"66.66%\"} -->\n<div class=\"wp-block-column\" style=\"flex-basis: 66.66%;\"><!-- wp:paragraph -->\n<p>Le CE2 est la derni\u00e8re ann\u00e9e du cycle 2. Le cycle 2 a \u00e9t\u00e9 prolong\u00e9 jusqu\u2019\u00e0 la fin du CE2 pour que l\u2019enfant apprenne progressivement et de fa\u00e7on coh\u00e9rente les savoirs fondamentaux.<\/p>\n<!-- \/wp:paragraph --><\/div>\n<!-- \/wp:column --><\/div>\n<!-- \/wp:columns --><!-- wp:image {\"id\":320,\"sizeSlug\":\"large\",\"linkDestination\":\"none\"} -->\n<figure class=\"wp-block-image size-large\"><img loading=\"lazy\" decoding=\"async\" class=\"alignnone wp-image-632 size-large\" src=\"http:\/\/centredesfeuillesvives.fr\/wp-content\/uploads\/2025\/01\/classe-CE2-b-1024x768.jpg\" alt=\"\" width=\"1024\" height=\"768\" srcset=\"https:\/\/centredesfeuillesvives.fr\/wp-content\/uploads\/2025\/01\/classe-CE2-b-1024x768.jpg 1024w, https:\/\/centredesfeuillesvives.fr\/wp-content\/uploads\/2025\/01\/classe-CE2-b-300x225.jpg 300w, https:\/\/centredesfeuillesvives.fr\/wp-content\/uploads\/2025\/01\/classe-CE2-b-768x576.jpg 768w, https:\/\/centredesfeuillesvives.fr\/wp-content\/uploads\/2025\/01\/classe-CE2-b-1536x1152.jpg 1536w, https:\/\/centredesfeuillesvives.fr\/wp-content\/uploads\/2025\/01\/classe-CE2-b-2048x1536.jpg 2048w, https:\/\/centredesfeuillesvives.fr\/wp-content\/uploads\/2025\/01\/classe-CE2-b-320x240.jpg 320w, https:\/\/centredesfeuillesvives.fr\/wp-content\/uploads\/2025\/01\/classe-CE2-b-480x360.jpg 480w, https:\/\/centredesfeuillesvives.fr\/wp-content\/uploads\/2025\/01\/classe-CE2-b-800x600.jpg 800w\" sizes=\"auto, (max-width: 1024px) 100vw, 1024px\" \/><\/figure>\n<!-- \/wp:image --><\/div>\n<\/div>\n<\/div>\n<\/div>\n<\/div>\n<\/div>\n<\/div>\n<\/div>\n<!--vcv no format-->\t\t\t\t\t\t<\/div>\n\t\t\t\t<\/div>\n\t\t\t\t<\/div>\n\t\t\t\t\t\t\t<\/div>\n\t\t","protected":false},"excerpt":{"rendered":"<p>\u00a0 CYCLE 2 Le CE2 est la derni\u00e8re ann\u00e9e du cycle 2. Le cycle 2 a \u00e9t\u00e9 prolong\u00e9 jusqu\u2019\u00e0 la fin du CE2 pour que l\u2019enfant apprenne progressivement et de fa\u00e7on coh\u00e9rente les savoirs fondamentaux.<\/p>\n","protected":false},"author":1,"featured_media":0,"parent":0,"menu_order":0,"comment_status":"closed","ping_status":"closed","template":"","meta":{"footnotes":""},"class_list":["post-375","page","type-page","status-publish","hentry"],"_links":{"self":[{"href":"https:\/\/centredesfeuillesvives.fr\/index.php\/wp-json\/wp\/v2\/pages\/375","targetHints":{"allow":["GET"]}}],"collection":[{"href":"https:\/\/centredesfeuillesvives.fr\/index.php\/wp-json\/wp\/v2\/pages"}],"about":[{"href":"https:\/\/centredesfeuillesvives.fr\/index.php\/wp-json\/wp\/v2\/types\/page"}],"author":[{"embeddable":true,"href":"https:\/\/centredesfeuillesvives.fr\/index.php\/wp-json\/wp\/v2\/users\/1"}],"replies":[{"embeddable":true,"href":"https:\/\/centredesfeuillesvives.fr\/index.php\/wp-json\/wp\/v2\/comments?post=375"}],"version-history":[{"count":8,"href":"https:\/\/centredesfeuillesvives.fr\/index.php\/wp-json\/wp\/v2\/pages\/375\/revisions"}],"predecessor-version":[{"id":726,"href":"https:\/\/centredesfeuillesvives.fr\/index.php\/wp-json\/wp\/v2\/pages\/375\/revisions\/726"}],"wp:attachment":[{"href":"https:\/\/centredesfeuillesvives.fr\/index.php\/wp-json\/wp\/v2\/media?parent=375"}],"curies":[{"name":"wp","href":"https:\/\/api.w.org\/{rel}","templated":true}]}}