{"id":391,"date":"2023-10-06T11:28:22","date_gmt":"2023-10-06T09:28:22","guid":{"rendered":"http:\/\/centredesfeuillesvives.fr\/?page_id=391"},"modified":"2023-10-06T12:39:07","modified_gmt":"2023-10-06T10:39:07","slug":"tarif-de-la-scolarite","status":"publish","type":"page","link":"https:\/\/centredesfeuillesvives.fr\/index.php\/tarif-de-la-scolarite\/","title":{"rendered":"Tarif de la scolarit\u00e9"},"content":{"rendered":"\n<p><\/p>\n\n\n\n<figure class=\"wp-block-image size-large\"><img loading=\"lazy\" decoding=\"async\" width=\"1024\" height=\"1024\" src=\"http:\/\/centredesfeuillesvives.fr\/wp-content\/uploads\/2023\/10\/Caluclatrice-1024x1024.png\" alt=\"\" class=\"wp-image-394\" srcset=\"https:\/\/centredesfeuillesvives.fr\/wp-content\/uploads\/2023\/10\/Caluclatrice-1024x1024.png 1024w, https:\/\/centredesfeuillesvives.fr\/wp-content\/uploads\/2023\/10\/Caluclatrice-300x300.png 300w, https:\/\/centredesfeuillesvives.fr\/wp-content\/uploads\/2023\/10\/Caluclatrice-150x150.png 150w, https:\/\/centredesfeuillesvives.fr\/wp-content\/uploads\/2023\/10\/Caluclatrice-768x768.png 768w, https:\/\/centredesfeuillesvives.fr\/wp-content\/uploads\/2023\/10\/Caluclatrice-320x320.png 320w, https:\/\/centredesfeuillesvives.fr\/wp-content\/uploads\/2023\/10\/Caluclatrice-480x480.png 480w, https:\/\/centredesfeuillesvives.fr\/wp-content\/uploads\/2023\/10\/Caluclatrice-800x800.png 800w, https:\/\/centredesfeuillesvives.fr\/wp-content\/uploads\/2023\/10\/Caluclatrice.png 1250w\" sizes=\"auto, (max-width: 1024px) 100vw, 1024px\" \/><\/figure>\n\n\n\n<div class=\"wp-block-group is-layout-constrained wp-block-group-is-layout-constrained\">\n<div class=\"wp-block-group is-content-justification-center is-layout-constrained wp-container-core-group-is-layout-8dd24439 wp-block-group-is-layout-constrained\">\n<div class=\"wp-block-columns is-layout-flex wp-container-core-columns-is-layout-28f84493 wp-block-columns-is-layout-flex\">\n<div class=\"wp-block-column is-layout-flow wp-block-column-is-layout-flow\" style=\"flex-basis:100%\">\n<figure class=\"wp-block-table\"><table><tbody><tr><td class=\"has-text-align-center\" data-align=\"center\"><strong><mark style=\"background-color:rgba(0, 0, 0, 0)\" class=\"has-inline-color has-raft-accent-color\">TARIF SOLARITE<\/mark><\/strong><\/td><td class=\"has-text-align-center\" data-align=\"center\"><strong><mark style=\"background-color:rgba(0, 0, 0, 0)\" class=\"has-inline-color has-raft-accent-color\">MATERNELLE<\/mark><\/strong><\/td><td class=\"has-text-align-center\" data-align=\"center\"><strong><mark style=\"background-color:rgba(0, 0, 0, 0)\" class=\"has-inline-color has-raft-accent-color\">PRIMAIRE<\/mark><\/strong><\/td><\/tr><tr><td class=\"has-text-align-center\" data-align=\"center\">1 ENFANT<\/td><td class=\"has-text-align-center\" data-align=\"center\">2450 \u20ac<\/td><td class=\"has-text-align-center\" data-align=\"center\">2300 \u20ac<\/td><\/tr><tr><td class=\"has-text-align-center\" data-align=\"center\">2 ENFANTS<\/td><td class=\"has-text-align-center\" data-align=\"center\">2350 \u20ac<\/td><td class=\"has-text-align-center\" data-align=\"center\">2200 \u20ac<\/td><\/tr><tr><td class=\"has-text-align-center\" data-align=\"center\">3 ENFANTS<\/td><td class=\"has-text-align-center\" data-align=\"center\">2250 \u20ac<\/td><td class=\"has-text-align-center\" data-align=\"center\">2100 \u20ac<\/td><\/tr><\/tbody><\/table><\/figure>\n<\/div>\n<\/div>\n<\/div>\n<\/div>\n\n\n\n<p><strong>Frais annexes <\/strong>: S\u2019ajoutent aux frais de scolarit\u00e9 : les fournitures scolaires, livres et fichiers individuels; ainsi que des activit\u00e9s \u00e0 caract\u00e8re obligatoire : sorties, ateliers, interventions, animations p\u00e9dagogiques, qui seront port\u00e9s sur la facture en cours d\u2019ann\u00e9e.<\/p>\n","protected":false},"excerpt":{"rendered":"<p>TARIF SOLARITE MATERNELLE PRIMAIRE 1 ENFANT 2450 \u20ac 2300 \u20ac 2 ENFANTS 2350 \u20ac 2200 \u20ac 3 ENFANTS 2250 \u20ac 2100 \u20ac Frais annexes : S\u2019ajoutent aux frais de scolarit\u00e9 : les fournitures scolaires, livres et fichiers individuels; ainsi que des activit\u00e9s \u00e0 caract\u00e8re obligatoire : sorties, ateliers, interventions, animations p\u00e9dagogiques, qui seront port\u00e9s sur [&hellip;]<\/p>\n","protected":false},"author":1,"featured_media":0,"parent":0,"menu_order":0,"comment_status":"closed","ping_status":"closed","template":"","meta":{"footnotes":""},"class_list":["post-391","page","type-page","status-publish","hentry"],"_links":{"self":[{"href":"https:\/\/centredesfeuillesvives.fr\/index.php\/wp-json\/wp\/v2\/pages\/391","targetHints":{"allow":["GET"]}}],"collection":[{"href":"https:\/\/centredesfeuillesvives.fr\/index.php\/wp-json\/wp\/v2\/pages"}],"about":[{"href":"https:\/\/centredesfeuillesvives.fr\/index.php\/wp-json\/wp\/v2\/types\/page"}],"author":[{"embeddable":true,"href":"https:\/\/centredesfeuillesvives.fr\/index.php\/wp-json\/wp\/v2\/users\/1"}],"replies":[{"embeddable":true,"href":"https:\/\/centredesfeuillesvives.fr\/index.php\/wp-json\/wp\/v2\/comments?post=391"}],"version-history":[{"count":7,"href":"https:\/\/centredesfeuillesvives.fr\/index.php\/wp-json\/wp\/v2\/pages\/391\/revisions"}],"predecessor-version":[{"id":422,"href":"https:\/\/centredesfeuillesvives.fr\/index.php\/wp-json\/wp\/v2\/pages\/391\/revisions\/422"}],"wp:attachment":[{"href":"https:\/\/centredesfeuillesvives.fr\/index.php\/wp-json\/wp\/v2\/media?parent=391"}],"curies":[{"name":"wp","href":"https:\/\/api.w.org\/{rel}","templated":true}]}}