{"id":426,"date":"2023-10-06T13:17:40","date_gmt":"2023-10-06T11:17:40","guid":{"rendered":"http:\/\/centredesfeuillesvives.fr\/?page_id=426"},"modified":"2023-10-08T10:44:22","modified_gmt":"2023-10-08T08:44:22","slug":"levolution-du-projet","status":"publish","type":"page","link":"https:\/\/centredesfeuillesvives.fr\/index.php\/levolution-du-projet\/","title":{"rendered":"L&#8217;\u00e9volution du projet"},"content":{"rendered":"\n<p><\/p>\n\n\n\n<div class=\"wp-block-group is-layout-constrained wp-block-group-is-layout-constrained\">\n<div class=\"wp-block-group is-vertical is-content-justification-left is-layout-flex wp-container-core-group-is-layout-44d242cc wp-block-group-is-layout-flex\" style=\"margin-top:0;margin-bottom:0;padding-top:0;padding-right:0;padding-bottom:0;padding-left:0\">\n<figure class=\"wp-block-image size-large\"><img loading=\"lazy\" decoding=\"async\" width=\"1024\" height=\"1024\" src=\"http:\/\/centredesfeuillesvives.fr\/wp-content\/uploads\/2023\/10\/Evolution-du-projet-1024x1024.png\" alt=\"\" class=\"wp-image-430\" srcset=\"https:\/\/centredesfeuillesvives.fr\/wp-content\/uploads\/2023\/10\/Evolution-du-projet-1024x1024.png 1024w, https:\/\/centredesfeuillesvives.fr\/wp-content\/uploads\/2023\/10\/Evolution-du-projet-300x300.png 300w, https:\/\/centredesfeuillesvives.fr\/wp-content\/uploads\/2023\/10\/Evolution-du-projet-150x150.png 150w, https:\/\/centredesfeuillesvives.fr\/wp-content\/uploads\/2023\/10\/Evolution-du-projet-768x768.png 768w, https:\/\/centredesfeuillesvives.fr\/wp-content\/uploads\/2023\/10\/Evolution-du-projet-1536x1536.png 1536w, https:\/\/centredesfeuillesvives.fr\/wp-content\/uploads\/2023\/10\/Evolution-du-projet-320x320.png 320w, https:\/\/centredesfeuillesvives.fr\/wp-content\/uploads\/2023\/10\/Evolution-du-projet-480x480.png 480w, https:\/\/centredesfeuillesvives.fr\/wp-content\/uploads\/2023\/10\/Evolution-du-projet-800x800.png 800w, https:\/\/centredesfeuillesvives.fr\/wp-content\/uploads\/2023\/10\/Evolution-du-projet.png 1875w\" sizes=\"auto, (max-width: 1024px) 100vw, 1024px\" \/><\/figure>\n\n\n\n<figure class=\"wp-block-gallery has-nested-images columns-default is-cropped wp-block-gallery-1 is-layout-flex wp-block-gallery-is-layout-flex\">\n<figure class=\"wp-block-image size-large\"><img loading=\"lazy\" decoding=\"async\" width=\"1024\" height=\"768\" data-id=\"438\" src=\"http:\/\/centredesfeuillesvives.fr\/wp-content\/uploads\/2023\/10\/2012-1024x768.png\" alt=\"\" class=\"wp-image-438\" srcset=\"https:\/\/centredesfeuillesvives.fr\/wp-content\/uploads\/2023\/10\/2012-1024x768.png 1024w, https:\/\/centredesfeuillesvives.fr\/wp-content\/uploads\/2023\/10\/2012-300x225.png 300w, https:\/\/centredesfeuillesvives.fr\/wp-content\/uploads\/2023\/10\/2012-768x576.png 768w, https:\/\/centredesfeuillesvives.fr\/wp-content\/uploads\/2023\/10\/2012-1536x1152.png 1536w, https:\/\/centredesfeuillesvives.fr\/wp-content\/uploads\/2023\/10\/2012-320x240.png 320w, https:\/\/centredesfeuillesvives.fr\/wp-content\/uploads\/2023\/10\/2012-480x360.png 480w, https:\/\/centredesfeuillesvives.fr\/wp-content\/uploads\/2023\/10\/2012-800x600.png 800w, https:\/\/centredesfeuillesvives.fr\/wp-content\/uploads\/2023\/10\/2012.png 1594w\" sizes=\"auto, (max-width: 1024px) 100vw, 1024px\" \/><figcaption class=\"wp-element-caption\"><strong><kbd>         2012 : <\/kbd><\/strong><br>          <strong><kbd>Achat du bien <\/kbd><\/strong><\/figcaption><\/figure>\n\n\n\n<figure class=\"wp-block-image aligncenter size-large\"><img loading=\"lazy\" decoding=\"async\" width=\"1024\" height=\"683\" data-id=\"437\" src=\"http:\/\/centredesfeuillesvives.fr\/wp-content\/uploads\/2023\/10\/2014-2015-1024x683.png\" alt=\"\" class=\"wp-image-437\" srcset=\"https:\/\/centredesfeuillesvives.fr\/wp-content\/uploads\/2023\/10\/2014-2015-1024x683.png 1024w, https:\/\/centredesfeuillesvives.fr\/wp-content\/uploads\/2023\/10\/2014-2015-300x200.png 300w, https:\/\/centredesfeuillesvives.fr\/wp-content\/uploads\/2023\/10\/2014-2015-768x512.png 768w, https:\/\/centredesfeuillesvives.fr\/wp-content\/uploads\/2023\/10\/2014-2015-1536x1024.png 1536w, https:\/\/centredesfeuillesvives.fr\/wp-content\/uploads\/2023\/10\/2014-2015-320x213.png 320w, https:\/\/centredesfeuillesvives.fr\/wp-content\/uploads\/2023\/10\/2014-2015-480x320.png 480w, https:\/\/centredesfeuillesvives.fr\/wp-content\/uploads\/2023\/10\/2014-2015-800x533.png 800w, https:\/\/centredesfeuillesvives.fr\/wp-content\/uploads\/2023\/10\/2014-2015.png 1644w\" sizes=\"auto, (max-width: 1024px) 100vw, 1024px\" \/><figcaption class=\"wp-element-caption\">               <strong><kbd> 2014\/2015 :<br>    1 \u00e8re Agrandissement<\/kbd><\/strong><\/figcaption><\/figure>\n\n\n\n<figure class=\"wp-block-image alignleft size-large\"><img loading=\"lazy\" decoding=\"async\" width=\"1024\" height=\"627\" data-id=\"435\" src=\"http:\/\/centredesfeuillesvives.fr\/wp-content\/uploads\/2023\/10\/2017-2018-1024x627.png\" alt=\"\" class=\"wp-image-435\" srcset=\"https:\/\/centredesfeuillesvives.fr\/wp-content\/uploads\/2023\/10\/2017-2018-1024x627.png 1024w, https:\/\/centredesfeuillesvives.fr\/wp-content\/uploads\/2023\/10\/2017-2018-300x184.png 300w, https:\/\/centredesfeuillesvives.fr\/wp-content\/uploads\/2023\/10\/2017-2018-768x470.png 768w, https:\/\/centredesfeuillesvives.fr\/wp-content\/uploads\/2023\/10\/2017-2018-1536x940.png 1536w, https:\/\/centredesfeuillesvives.fr\/wp-content\/uploads\/2023\/10\/2017-2018-320x196.png 320w, https:\/\/centredesfeuillesvives.fr\/wp-content\/uploads\/2023\/10\/2017-2018-480x294.png 480w, https:\/\/centredesfeuillesvives.fr\/wp-content\/uploads\/2023\/10\/2017-2018-800x490.png 800w, https:\/\/centredesfeuillesvives.fr\/wp-content\/uploads\/2023\/10\/2017-2018.png 1790w\" sizes=\"auto, (max-width: 1024px) 100vw, 1024px\" \/><figcaption class=\"wp-element-caption\">           <strong><kbd> 2017\/2018 :<br> Am\u00e9nagement classes<\/kbd><\/strong><\/figcaption><\/figure>\n\n\n\n<figure class=\"wp-block-image size-large\"><img loading=\"lazy\" decoding=\"async\" width=\"1024\" height=\"984\" data-id=\"436\" src=\"http:\/\/centredesfeuillesvives.fr\/wp-content\/uploads\/2023\/10\/2018-1024x984.png\" alt=\"\" class=\"wp-image-436\" srcset=\"https:\/\/centredesfeuillesvives.fr\/wp-content\/uploads\/2023\/10\/2018-1024x984.png 1024w, https:\/\/centredesfeuillesvives.fr\/wp-content\/uploads\/2023\/10\/2018-300x288.png 300w, https:\/\/centredesfeuillesvives.fr\/wp-content\/uploads\/2023\/10\/2018-768x738.png 768w, https:\/\/centredesfeuillesvives.fr\/wp-content\/uploads\/2023\/10\/2018-320x308.png 320w, https:\/\/centredesfeuillesvives.fr\/wp-content\/uploads\/2023\/10\/2018-480x461.png 480w, https:\/\/centredesfeuillesvives.fr\/wp-content\/uploads\/2023\/10\/2018-800x769.png 800w, https:\/\/centredesfeuillesvives.fr\/wp-content\/uploads\/2023\/10\/2018.png 1244w\" sizes=\"auto, (max-width: 1024px) 100vw, 1024px\" \/><figcaption class=\"wp-element-caption\"><strong><kbd>          2018\/2019 :<br>     Obtention 2d permis<\/kbd><\/strong><\/figcaption><\/figure>\n\n\n\n<figure class=\"wp-block-image size-large is-style-default\"><img loading=\"lazy\" decoding=\"async\" width=\"1024\" height=\"768\" data-id=\"441\" src=\"http:\/\/centredesfeuillesvives.fr\/wp-content\/uploads\/2023\/10\/20230823_110927-2-1024x768.jpg\" alt=\"\" class=\"wp-image-441\" srcset=\"https:\/\/centredesfeuillesvives.fr\/wp-content\/uploads\/2023\/10\/20230823_110927-2-1024x768.jpg 1024w, https:\/\/centredesfeuillesvives.fr\/wp-content\/uploads\/2023\/10\/20230823_110927-2-300x225.jpg 300w, https:\/\/centredesfeuillesvives.fr\/wp-content\/uploads\/2023\/10\/20230823_110927-2-768x576.jpg 768w, https:\/\/centredesfeuillesvives.fr\/wp-content\/uploads\/2023\/10\/20230823_110927-2-1536x1152.jpg 1536w, https:\/\/centredesfeuillesvives.fr\/wp-content\/uploads\/2023\/10\/20230823_110927-2-2048x1536.jpg 2048w, https:\/\/centredesfeuillesvives.fr\/wp-content\/uploads\/2023\/10\/20230823_110927-2-320x240.jpg 320w, https:\/\/centredesfeuillesvives.fr\/wp-content\/uploads\/2023\/10\/20230823_110927-2-480x360.jpg 480w, https:\/\/centredesfeuillesvives.fr\/wp-content\/uploads\/2023\/10\/20230823_110927-2-800x600.jpg 800w\" sizes=\"auto, (max-width: 1024px) 100vw, 1024px\" \/><figcaption class=\"wp-element-caption\">        <strong><kbd>     2019\/2020 :<br>       Agrandissement <\/kbd><\/strong><\/figcaption><\/figure>\n\n\n\n<figure class=\"wp-block-image size-large\"><img loading=\"lazy\" decoding=\"async\" width=\"1024\" height=\"945\" data-id=\"442\" src=\"http:\/\/centredesfeuillesvives.fr\/wp-content\/uploads\/2023\/10\/2023-2024-1-1024x945.png\" alt=\"\" class=\"wp-image-442\" srcset=\"https:\/\/centredesfeuillesvives.fr\/wp-content\/uploads\/2023\/10\/2023-2024-1-1024x945.png 1024w, https:\/\/centredesfeuillesvives.fr\/wp-content\/uploads\/2023\/10\/2023-2024-1-300x277.png 300w, https:\/\/centredesfeuillesvives.fr\/wp-content\/uploads\/2023\/10\/2023-2024-1-768x709.png 768w, https:\/\/centredesfeuillesvives.fr\/wp-content\/uploads\/2023\/10\/2023-2024-1-320x295.png 320w, https:\/\/centredesfeuillesvives.fr\/wp-content\/uploads\/2023\/10\/2023-2024-1-480x443.png 480w, https:\/\/centredesfeuillesvives.fr\/wp-content\/uploads\/2023\/10\/2023-2024-1-800x738.png 800w, https:\/\/centredesfeuillesvives.fr\/wp-content\/uploads\/2023\/10\/2023-2024-1.png 1188w\" sizes=\"auto, (max-width: 1024px) 100vw, 1024px\" \/><figcaption class=\"wp-element-caption\">           <strong><kbd> 2022\/2023 : <br>   Projet de sur\u00e9l\u00e9vation<\/kbd><\/strong><\/figcaption><\/figure>\n<\/figure>\n<\/div>\n<\/div>\n\n\n\n<p><\/p>\n\n\n\n<hr class=\"wp-block-separator has-alpha-channel-opacity\"\/>\n\n\n\n<div class=\"wp-block-media-text alignfull has-media-on-the-right is-stacked-on-mobile is-vertically-aligned-center is-style-default\" style=\"grid-template-columns:auto 56%\"><div class=\"wp-block-media-text__content\">\n<h2 class=\"wp-block-heading has-text-color\" style=\"color:#000000\"><strong>2012    ACHAT DU BIEN <\/strong><\/h2>\n\n\n\n<p class=\"has-text-color\" style=\"color:#636363;font-size:17px;line-height:1.1\">Le bien a \u00e9t\u00e9 achet\u00e9 au mois de juillet 2012 . Le bien est situ\u00e9 sur une parcelle de 580 m\u00b2 dans une zone pavillonnaire au 36 rue Eug\u00e8ne Varlin sur la commune de Champigny sur marne . <\/p>\n\n\n\n<p>Il est compos\u00e9 d&#8217;un pavillon de 180 m\u00b2 sur 3 niveaux, RDC semi sous sol, R+1 et R+2 ,  la construction date des ann\u00e9es 50. <\/p>\n<\/div><figure class=\"wp-block-media-text__media\"><img loading=\"lazy\" decoding=\"async\" width=\"1024\" height=\"768\" src=\"http:\/\/centredesfeuillesvives.fr\/wp-content\/uploads\/2023\/10\/2012-2-1024x768.png\" alt=\"\" class=\"wp-image-453 size-full\" srcset=\"https:\/\/centredesfeuillesvives.fr\/wp-content\/uploads\/2023\/10\/2012-2-1024x768.png 1024w, https:\/\/centredesfeuillesvives.fr\/wp-content\/uploads\/2023\/10\/2012-2-300x225.png 300w, https:\/\/centredesfeuillesvives.fr\/wp-content\/uploads\/2023\/10\/2012-2-768x576.png 768w, https:\/\/centredesfeuillesvives.fr\/wp-content\/uploads\/2023\/10\/2012-2-1536x1152.png 1536w, https:\/\/centredesfeuillesvives.fr\/wp-content\/uploads\/2023\/10\/2012-2-320x240.png 320w, https:\/\/centredesfeuillesvives.fr\/wp-content\/uploads\/2023\/10\/2012-2-480x360.png 480w, https:\/\/centredesfeuillesvives.fr\/wp-content\/uploads\/2023\/10\/2012-2-800x600.png 800w, https:\/\/centredesfeuillesvives.fr\/wp-content\/uploads\/2023\/10\/2012-2.png 1594w\" sizes=\"auto, (max-width: 1024px) 100vw, 1024px\" \/><\/figure><\/div>\n\n\n\n<div class=\"wp-block-media-text alignfull has-media-on-the-right is-stacked-on-mobile is-vertically-aligned-center is-style-default\" style=\"grid-template-columns:auto 56%\"><div class=\"wp-block-media-text__content\">\n<h2 class=\"wp-block-heading has-text-color\" style=\"color:#000000\"><strong>2017\/2018 :   Am\u00e9nagement des classes <\/strong><\/h2>\n\n\n\n<p class=\"has-text-color\" style=\"color:#636363;font-size:17px;line-height:1.1\">Suite \u00e0 une DT (demande de travaux), le centre am\u00e9nage 2 nouvelles classes.<\/p>\n<\/div><figure class=\"wp-block-media-text__media\"><img loading=\"lazy\" decoding=\"async\" width=\"1024\" height=\"627\" src=\"http:\/\/centredesfeuillesvives.fr\/wp-content\/uploads\/2023\/10\/2017-2018-2-1024x627.png\" alt=\"\" class=\"wp-image-457 size-full\" srcset=\"https:\/\/centredesfeuillesvives.fr\/wp-content\/uploads\/2023\/10\/2017-2018-2-1024x627.png 1024w, https:\/\/centredesfeuillesvives.fr\/wp-content\/uploads\/2023\/10\/2017-2018-2-300x184.png 300w, https:\/\/centredesfeuillesvives.fr\/wp-content\/uploads\/2023\/10\/2017-2018-2-768x470.png 768w, https:\/\/centredesfeuillesvives.fr\/wp-content\/uploads\/2023\/10\/2017-2018-2-1536x940.png 1536w, https:\/\/centredesfeuillesvives.fr\/wp-content\/uploads\/2023\/10\/2017-2018-2-320x196.png 320w, https:\/\/centredesfeuillesvives.fr\/wp-content\/uploads\/2023\/10\/2017-2018-2-480x294.png 480w, https:\/\/centredesfeuillesvives.fr\/wp-content\/uploads\/2023\/10\/2017-2018-2-800x490.png 800w, https:\/\/centredesfeuillesvives.fr\/wp-content\/uploads\/2023\/10\/2017-2018-2.png 1790w\" sizes=\"auto, (max-width: 1024px) 100vw, 1024px\" \/><\/figure><\/div>\n\n\n\n<div class=\"wp-block-media-text alignfull has-media-on-the-right is-stacked-on-mobile is-vertically-aligned-center is-style-default\" style=\"grid-template-columns:auto 56%\"><div class=\"wp-block-media-text__content\">\n<h2 class=\"wp-block-heading has-text-color\" style=\"color:#000000\"><strong>2018\/2019 : Obtention 2d permis<\/strong><\/h2>\n\n\n\n<p class=\"has-text-color\" style=\"color:#636363;font-size:17px;line-height:1.1\">Suite \u00e0 l&#8217;obtention d&#8217;un second permis courant juillet 2018, le centre des feuilles vives entame la 1\u00e8re tranche de travaux et emm\u00e9nage pour la rentr\u00e9e 2018-2019, 2 nouvelles classes dans le pavillon au R+1.<\/p>\n\n\n\n<p><\/p>\n<\/div><figure class=\"wp-block-media-text__media\"><img loading=\"lazy\" decoding=\"async\" width=\"1024\" height=\"984\" src=\"http:\/\/centredesfeuillesvives.fr\/wp-content\/uploads\/2023\/10\/2018-2-1024x984.png\" alt=\"\" class=\"wp-image-458 size-full\" srcset=\"https:\/\/centredesfeuillesvives.fr\/wp-content\/uploads\/2023\/10\/2018-2-1024x984.png 1024w, https:\/\/centredesfeuillesvives.fr\/wp-content\/uploads\/2023\/10\/2018-2-300x288.png 300w, https:\/\/centredesfeuillesvives.fr\/wp-content\/uploads\/2023\/10\/2018-2-768x738.png 768w, https:\/\/centredesfeuillesvives.fr\/wp-content\/uploads\/2023\/10\/2018-2-320x308.png 320w, https:\/\/centredesfeuillesvives.fr\/wp-content\/uploads\/2023\/10\/2018-2-480x461.png 480w, https:\/\/centredesfeuillesvives.fr\/wp-content\/uploads\/2023\/10\/2018-2-800x769.png 800w, https:\/\/centredesfeuillesvives.fr\/wp-content\/uploads\/2023\/10\/2018-2.png 1244w\" sizes=\"auto, (max-width: 1024px) 100vw, 1024px\" \/><\/figure><\/div>\n\n\n\n<div class=\"wp-block-media-text alignfull has-media-on-the-right is-stacked-on-mobile is-vertically-aligned-center is-style-default\" style=\"grid-template-columns:auto 56%\"><div class=\"wp-block-media-text__content\">\n<h2 class=\"wp-block-heading has-text-color\" style=\"color:#000000\"><strong>2019\/2020 : Agrandissement <\/strong><\/h2>\n\n\n\n<p class=\"has-text-color\" style=\"color:#636363;font-size:17px;line-height:1.1\">L&#8217;association entame la seconde tranche de travaux durant le bloc estival <\/p>\n\n\n\n<p>de l&#8217;ann\u00e9e 2019.<br>Elle comprend : une extension de 300 m\u00b2 en ossature bois, en reliant le pr\u00e9fabriqu\u00e9 et le pavillon en un seul b\u00e2timent de 600 m\u00b2 sur 3 niveaux.<br>Au final l&#8217;\u00e9cole priv\u00e9e totalise 8 classes de la petite section au CM2. <br> <\/p>\n<\/div><figure class=\"wp-block-media-text__media\"><img loading=\"lazy\" decoding=\"async\" width=\"1024\" height=\"803\" src=\"http:\/\/centredesfeuillesvives.fr\/wp-content\/uploads\/2023\/10\/insertion-arriere-existant-3-1024x803.png\" alt=\"\" class=\"wp-image-462 size-full\" srcset=\"https:\/\/centredesfeuillesvives.fr\/wp-content\/uploads\/2023\/10\/insertion-arriere-existant-3-1024x803.png 1024w, https:\/\/centredesfeuillesvives.fr\/wp-content\/uploads\/2023\/10\/insertion-arriere-existant-3-300x235.png 300w, https:\/\/centredesfeuillesvives.fr\/wp-content\/uploads\/2023\/10\/insertion-arriere-existant-3-768x602.png 768w, https:\/\/centredesfeuillesvives.fr\/wp-content\/uploads\/2023\/10\/insertion-arriere-existant-3-320x251.png 320w, https:\/\/centredesfeuillesvives.fr\/wp-content\/uploads\/2023\/10\/insertion-arriere-existant-3-480x376.png 480w, https:\/\/centredesfeuillesvives.fr\/wp-content\/uploads\/2023\/10\/insertion-arriere-existant-3-800x627.png 800w, https:\/\/centredesfeuillesvives.fr\/wp-content\/uploads\/2023\/10\/insertion-arriere-existant-3.png 1437w\" sizes=\"auto, (max-width: 1024px) 100vw, 1024px\" \/><\/figure><\/div>\n\n\n\n<div class=\"wp-block-media-text alignfull has-media-on-the-right is-stacked-on-mobile is-vertically-aligned-center is-style-default\" style=\"grid-template-columns:auto 56%\"><div class=\"wp-block-media-text__content\">\n<h2 class=\"wp-block-heading has-text-color\" style=\"color:#000000\"><strong>2023\/2024 : Projet de <\/strong>sur\u00e9l\u00e9vation<\/h2>\n\n\n\n<p class=\"has-text-color\" style=\"color:#636363;font-size:17px;line-height:1.1\">Suite \u00e0 l&#8217;obtention d&#8217;un permis de construire courant juillet 2023 , l&#8217;\u00e9cole priv\u00e9e va entamer ses travaux durant l&#8217;ann\u00e9e 2023-2024.<br>Pour plus d&#8217;information, cliquez ci-dessous : <\/p>\n\n\n\n<div class=\"wp-block-buttons is-layout-flex wp-block-buttons-is-layout-flex\">\n<div class=\"wp-block-button\"><a class=\"wp-block-button__link wp-element-button\" href=\"http:\/\/centredesfeuillesvives.fr\/index.php\/projet-dagrandissement\/\">Projet d&#8217;extension<\/a><\/div>\n<\/div>\n<\/div><figure class=\"wp-block-media-text__media\"><img loading=\"lazy\" decoding=\"async\" width=\"1024\" height=\"945\" src=\"http:\/\/centredesfeuillesvives.fr\/wp-content\/uploads\/2023\/10\/2023-2024-4-1024x945.png\" alt=\"\" class=\"wp-image-463 size-full\" srcset=\"https:\/\/centredesfeuillesvives.fr\/wp-content\/uploads\/2023\/10\/2023-2024-4-1024x945.png 1024w, https:\/\/centredesfeuillesvives.fr\/wp-content\/uploads\/2023\/10\/2023-2024-4-300x277.png 300w, https:\/\/centredesfeuillesvives.fr\/wp-content\/uploads\/2023\/10\/2023-2024-4-768x709.png 768w, https:\/\/centredesfeuillesvives.fr\/wp-content\/uploads\/2023\/10\/2023-2024-4-320x295.png 320w, https:\/\/centredesfeuillesvives.fr\/wp-content\/uploads\/2023\/10\/2023-2024-4-480x443.png 480w, https:\/\/centredesfeuillesvives.fr\/wp-content\/uploads\/2023\/10\/2023-2024-4-800x738.png 800w, https:\/\/centredesfeuillesvives.fr\/wp-content\/uploads\/2023\/10\/2023-2024-4.png 1188w\" sizes=\"auto, (max-width: 1024px) 100vw, 1024px\" \/><\/figure><\/div>\n\n\n\n<p><\/p>\n","protected":false},"excerpt":{"rendered":"<p>2012 ACHAT DU BIEN Le bien a \u00e9t\u00e9 achet\u00e9 au mois de juillet 2012 . Le bien est situ\u00e9 sur une parcelle de 580 m\u00b2 dans une zone pavillonnaire au 36 rue Eug\u00e8ne Varlin sur la commune de Champigny sur marne . Il est compos\u00e9 d&#8217;un pavillon de 180 m\u00b2 sur 3 niveaux, RDC semi [&hellip;]<\/p>\n","protected":false},"author":1,"featured_media":0,"parent":0,"menu_order":0,"comment_status":"closed","ping_status":"closed","template":"","meta":{"footnotes":""},"class_list":["post-426","page","type-page","status-publish","hentry"],"_links":{"self":[{"href":"https:\/\/centredesfeuillesvives.fr\/index.php\/wp-json\/wp\/v2\/pages\/426","targetHints":{"allow":["GET"]}}],"collection":[{"href":"https:\/\/centredesfeuillesvives.fr\/index.php\/wp-json\/wp\/v2\/pages"}],"about":[{"href":"https:\/\/centredesfeuillesvives.fr\/index.php\/wp-json\/wp\/v2\/types\/page"}],"author":[{"embeddable":true,"href":"https:\/\/centredesfeuillesvives.fr\/index.php\/wp-json\/wp\/v2\/users\/1"}],"replies":[{"embeddable":true,"href":"https:\/\/centredesfeuillesvives.fr\/index.php\/wp-json\/wp\/v2\/comments?post=426"}],"version-history":[{"count":14,"href":"https:\/\/centredesfeuillesvives.fr\/index.php\/wp-json\/wp\/v2\/pages\/426\/revisions"}],"predecessor-version":[{"id":485,"href":"https:\/\/centredesfeuillesvives.fr\/index.php\/wp-json\/wp\/v2\/pages\/426\/revisions\/485"}],"wp:attachment":[{"href":"https:\/\/centredesfeuillesvives.fr\/index.php\/wp-json\/wp\/v2\/media?parent=426"}],"curies":[{"name":"wp","href":"https:\/\/api.w.org\/{rel}","templated":true}]}}