{"id":60,"date":"2023-09-26T12:04:43","date_gmt":"2023-09-26T10:04:43","guid":{"rendered":"http:\/\/centredesfeuillesvives.fr\/?page_id=60"},"modified":"2023-10-10T14:19:04","modified_gmt":"2023-10-10T12:19:04","slug":"a-propos-de","status":"publish","type":"page","link":"https:\/\/centredesfeuillesvives.fr\/index.php\/a-propos-de\/","title":{"rendered":"Qui sommes nous ?"},"content":{"rendered":"\n<p><\/p>\n\n\n\n<figure class=\"wp-block-image aligncenter size-large is-resized\"><img loading=\"lazy\" decoding=\"async\" src=\"http:\/\/centredesfeuillesvives.fr\/wp-content\/uploads\/2023\/10\/qui-sommes-nous-969x1024.png\" alt=\"\" class=\"wp-image-563\" style=\"width:922px;height:615px\" width=\"922\" height=\"615\"\/><\/figure>\n\n\n\n<p>L&#8217;\u00e9cole priv\u00e9e l&#8217;Olivier des enfants est une \u00e9cole priv\u00e9e qui est g\u00e9r\u00e9e par l&#8217;association le Centre Des Feuilles Vives.<br>Elle existe depuis 2015 et propose l&#8217;apprentissage des savoirs qui rassemble l&#8217;ensemble des connaissances, des comp\u00e9tences, des valeurs et des attitudes n\u00e9cessaires pour r\u00e9ussir la scolarit\u00e9 des enfants, leur vie d&#8217;individu en tant que citoyen.<\/p>\n\n\n\n<p>Notre \u00e9tablissement propose cette enseignement pour la maternelle de la petite section \u00e0 la grande section, et la primaire du CP au CM2 .<\/p>\n\n\n\n<p>Aujourd&#8217;hui, l&#8217;\u00e9cole priv\u00e9e dispose de 8 salles de classe (1 classe par niveau), et accueille environ 150 \u00e9l\u00e8ves.<\/p>\n\n\n\n<figure class=\"wp-block-image size-large\"><img loading=\"lazy\" decoding=\"async\" width=\"1024\" height=\"768\" src=\"http:\/\/centredesfeuillesvives.fr\/wp-content\/uploads\/2023\/10\/20230823_110927-1024x768.jpg\" alt=\"\" class=\"wp-image-219\" srcset=\"https:\/\/centredesfeuillesvives.fr\/wp-content\/uploads\/2023\/10\/20230823_110927-1024x768.jpg 1024w, https:\/\/centredesfeuillesvives.fr\/wp-content\/uploads\/2023\/10\/20230823_110927-300x225.jpg 300w, https:\/\/centredesfeuillesvives.fr\/wp-content\/uploads\/2023\/10\/20230823_110927-768x576.jpg 768w, https:\/\/centredesfeuillesvives.fr\/wp-content\/uploads\/2023\/10\/20230823_110927-1536x1152.jpg 1536w, https:\/\/centredesfeuillesvives.fr\/wp-content\/uploads\/2023\/10\/20230823_110927-2048x1536.jpg 2048w, https:\/\/centredesfeuillesvives.fr\/wp-content\/uploads\/2023\/10\/20230823_110927-320x240.jpg 320w, https:\/\/centredesfeuillesvives.fr\/wp-content\/uploads\/2023\/10\/20230823_110927-480x360.jpg 480w, https:\/\/centredesfeuillesvives.fr\/wp-content\/uploads\/2023\/10\/20230823_110927-800x600.jpg 800w\" sizes=\"auto, (max-width: 1024px) 100vw, 1024px\" \/><\/figure>\n\n\n\n<p>Nous suivons,  les trois cycles d\u2019enseignement et nous \u00e9valuons selon les huit composantes du socle commun de connaissances, de comp\u00e9tences et de culture, gr\u00e2ce \u00e0 une \u00e9chelle de ma\u00eetrise sur quatre niveaux, sur le Livret Unique, suivi tout au long de la scolarit\u00e9 et consultable par les familles.<\/p>\n\n\n\n<p><\/p>\n\n\n\n<h2 class=\"wp-block-heading\"><strong>Enseignement :<\/strong><\/h2>\n\n\n\n<p><strong><br><\/strong>La bonne ma\u00eetrise des savoirs fondamentaux (lire, \u00e9crire, compter, respecter autrui) est la condition d\u2019une scolarit\u00e9 r\u00e9ussie et de la formation d\u2019un citoyen libre et responsable. Nous nous basons sur le Socle commun des connaissances, des comp\u00e9tences et de culture et donc sur le Programme de l\u2019\u00c9ducation Nationale.<\/p>\n\n\n\n<figure class=\"wp-block-image size-large\"><img loading=\"lazy\" decoding=\"async\" width=\"421\" height=\"1024\" src=\"http:\/\/centredesfeuillesvives.fr\/wp-content\/uploads\/2023\/10\/infographie-le-socle-commun-de-connaissances-de-comp-tences-et-de-culture-70564-421x1024.jpg\" alt=\"\" class=\"wp-image-223\" srcset=\"https:\/\/centredesfeuillesvives.fr\/wp-content\/uploads\/2023\/10\/infographie-le-socle-commun-de-connaissances-de-comp-tences-et-de-culture-70564-421x1024.jpg 421w, https:\/\/centredesfeuillesvives.fr\/wp-content\/uploads\/2023\/10\/infographie-le-socle-commun-de-connaissances-de-comp-tences-et-de-culture-70564-123x300.jpg 123w, https:\/\/centredesfeuillesvives.fr\/wp-content\/uploads\/2023\/10\/infographie-le-socle-commun-de-connaissances-de-comp-tences-et-de-culture-70564-631x1536.jpg 631w, https:\/\/centredesfeuillesvives.fr\/wp-content\/uploads\/2023\/10\/infographie-le-socle-commun-de-connaissances-de-comp-tences-et-de-culture-70564-320x779.jpg 320w, https:\/\/centredesfeuillesvives.fr\/wp-content\/uploads\/2023\/10\/infographie-le-socle-commun-de-connaissances-de-comp-tences-et-de-culture-70564-480x1169.jpg 480w, https:\/\/centredesfeuillesvives.fr\/wp-content\/uploads\/2023\/10\/infographie-le-socle-commun-de-connaissances-de-comp-tences-et-de-culture-70564.jpg 720w\" sizes=\"auto, (max-width: 421px) 100vw, 421px\" \/><\/figure>\n\n\n\n<p><\/p>\n","protected":false},"excerpt":{"rendered":"<p>L&#8217;\u00e9cole priv\u00e9e l&#8217;Olivier des enfants est une \u00e9cole priv\u00e9e qui est g\u00e9r\u00e9e par l&#8217;association le Centre Des Feuilles Vives.Elle existe depuis 2015 et propose l&#8217;apprentissage des savoirs qui rassemble l&#8217;ensemble des connaissances, des comp\u00e9tences, des valeurs et des attitudes n\u00e9cessaires pour r\u00e9ussir la scolarit\u00e9 des enfants, leur vie d&#8217;individu en tant que citoyen. Notre \u00e9tablissement [&hellip;]<\/p>\n","protected":false},"author":1,"featured_media":0,"parent":0,"menu_order":0,"comment_status":"closed","ping_status":"closed","template":"","meta":{"footnotes":""},"class_list":["post-60","page","type-page","status-publish","hentry"],"_links":{"self":[{"href":"https:\/\/centredesfeuillesvives.fr\/index.php\/wp-json\/wp\/v2\/pages\/60","targetHints":{"allow":["GET"]}}],"collection":[{"href":"https:\/\/centredesfeuillesvives.fr\/index.php\/wp-json\/wp\/v2\/pages"}],"about":[{"href":"https:\/\/centredesfeuillesvives.fr\/index.php\/wp-json\/wp\/v2\/types\/page"}],"author":[{"embeddable":true,"href":"https:\/\/centredesfeuillesvives.fr\/index.php\/wp-json\/wp\/v2\/users\/1"}],"replies":[{"embeddable":true,"href":"https:\/\/centredesfeuillesvives.fr\/index.php\/wp-json\/wp\/v2\/comments?post=60"}],"version-history":[{"count":9,"href":"https:\/\/centredesfeuillesvives.fr\/index.php\/wp-json\/wp\/v2\/pages\/60\/revisions"}],"predecessor-version":[{"id":565,"href":"https:\/\/centredesfeuillesvives.fr\/index.php\/wp-json\/wp\/v2\/pages\/60\/revisions\/565"}],"wp:attachment":[{"href":"https:\/\/centredesfeuillesvives.fr\/index.php\/wp-json\/wp\/v2\/media?parent=60"}],"curies":[{"name":"wp","href":"https:\/\/api.w.org\/{rel}","templated":true}]}}